{"id":7364,"date":"2025-10-22T11:18:59","date_gmt":"2025-10-22T09:18:59","guid":{"rendered":"https:\/\/www.intipa.com\/produkt\/lachs-oel-lebensmittelqualitaet-kanister-5-liter-2\/"},"modified":"2026-02-18T11:46:49","modified_gmt":"2026-02-18T10:46:49","slug":"lachs-oel-lebensmittelqualitaet-kanister-5-liter-2","status":"publish","type":"product","link":"https:\/\/www.intipa.com\/en\/produkt\/lachs-oel-lebensmittelqualitaet-kanister-5-liter-2\/","title":{"rendered":"Lachs &#8211; \u00d6l (Lebensmittelqualit\u00e4t) Kanister 5 Liter"},"content":{"rendered":"<p>Lachs - \u00d6l (Lebensmittelqualit\u00e4t) Kanister 5 Liter<\/p>\n","protected":false},"excerpt":{"rendered":"<p>Lachs &#8211; \u00d6l (Lebensmittelqualit\u00e4t) Kanister 5 Liter<\/p>\n","protected":false},"featured_media":7365,"comment_status":"open","ping_status":"closed","template":"","meta":{"_acf_changed":false},"product_brand":[],"product_cat":[153,1269,124],"product_tag":[445,461,446,462,447,463,448,464,449,465,450,466,451,467,452,468,453,469,454,470,455,471,456,472,457,473,458,474,443,459,475,444,460,476],"class_list":{"0":"post-7364","1":"product","2":"type-product","3":"status-publish","4":"has-post-thumbnail","6":"product_cat-futterzusatz","7":"product_cat-spezialfutter-futterzusatz","8":"product_cat-trockenfutter","9":"product_tag-salzwasserfische-grosshandel","10":"product_tag-salzwasserfisch-tierfutterlieferant","11":"product_tag-futterfisch-fuer-zoos","12":"product_tag-salzwasserfisch-tiernahrung","13":"product_tag-salzwasserfisch-fuer-aquarien","14":"product_tag-salzwasserfisch-zuchtfutter","15":"product_tag-lebende-salzwasserfische","16":"product_tag-salzwasserfisch-angebot","17":"product_tag-salzwasserfisch-tierfutter","18":"product_tag-salzwasserfische-kaufen-online","19":"product_tag-futterfisch-tierhandel","20":"product_tag-salzwasserfisch-bestellen","21":"product_tag-salzwasserfisch-grosshandel","22":"product_tag-futterfisch-salzwasser-tierhandlung","23":"product_tag-futtertiere-salzwasserfisch","24":"product_tag-salzwasserfisch-futtermittel","25":"product_tag-lebende-futterfische","26":"product_tag-futterfisch-lieferant-salzwasser","27":"product_tag-futterfische-fuer-meeresbewohner","28":"product_tag-futtertiere-online-salzwasserfische","29":"product_tag-salzwasserfische-fuer-aquakulturen","30":"product_tag-salzwasserfisch-futter-fuer-aquaristik","31":"product_tag-salzwasserfische-tiergrosshandel","32":"product_tag-futtertiere-meeresbewohner","33":"product_tag-futterfische-fuer-aquarienfische","34":"product_tag-fischfutter-salzwasser","35":"product_tag-salzwasserfische-zoobedarf","36":"product_tag-salzwasserfisch-futterbedarf","37":"product_tag-salzwasserfisch-kaufen","38":"product_tag-salzwasserfische-fuer-raubfische","39":"product_tag-salzwasserfisch-grosskunden","40":"product_tag-futterfisch-salzwasser","41":"product_tag-futterfisch-fuer-grossaquarien","42":"product_tag-salzwasserfisch-fuer-fi","44":"first","45":"instock","46":"taxable","47":"shipping-taxable","48":"purchasable","49":"product-type-simple"},"acf":[],"_links":{"self":[{"href":"https:\/\/www.intipa.com\/en\/wp-json\/wp\/v2\/product\/7364","targetHints":{"allow":["GET"]}}],"collection":[{"href":"https:\/\/www.intipa.com\/en\/wp-json\/wp\/v2\/product"}],"about":[{"href":"https:\/\/www.intipa.com\/en\/wp-json\/wp\/v2\/types\/product"}],"replies":[{"embeddable":true,"href":"https:\/\/www.intipa.com\/en\/wp-json\/wp\/v2\/comments?post=7364"}],"wp:featuredmedia":[{"embeddable":true,"href":"https:\/\/www.intipa.com\/en\/wp-json\/wp\/v2\/media\/7365"}],"wp:attachment":[{"href":"https:\/\/www.intipa.com\/en\/wp-json\/wp\/v2\/media?parent=7364"}],"wp:term":[{"taxonomy":"product_brand","embeddable":true,"href":"https:\/\/www.intipa.com\/en\/wp-json\/wp\/v2\/product_brand?post=7364"},{"taxonomy":"product_cat","embeddable":true,"href":"https:\/\/www.intipa.com\/en\/wp-json\/wp\/v2\/product_cat?post=7364"},{"taxonomy":"product_tag","embeddable":true,"href":"https:\/\/www.intipa.com\/en\/wp-json\/wp\/v2\/product_tag?post=7364"}],"curies":[{"name":"wp","href":"https:\/\/api.w.org\/{rel}","templated":true}]}}