{"id":7361,"date":"2025-10-22T11:18:52","date_gmt":"2025-10-22T09:18:52","guid":{"rendered":"https:\/\/www.intipa.com\/produkt\/lachs-oel-lebensmittelqualitaet-kanister-025-liter-2\/"},"modified":"2026-02-03T12:17:26","modified_gmt":"2026-02-03T11:17:26","slug":"lachs-oel-lebensmittelqualitaet-kanister-025-liter-2","status":"publish","type":"product","link":"https:\/\/www.intipa.com\/en\/produkt\/lachs-oel-lebensmittelqualitaet-kanister-025-liter-2\/","title":{"rendered":"Lachs &#8211; \u00d6l (Lebensmittelqualit\u00e4t) Kanister 0,25 Liter"},"content":{"rendered":"<p>Lachs - \u00d6l (Lebensmittelqualit\u00e4t) Kanister 0,25 Liter<\/p>\n","protected":false},"excerpt":{"rendered":"<p>Lachs &#8211; \u00d6l (Lebensmittelqualit\u00e4t) Kanister 0,25 Liter<\/p>\n","protected":false},"featured_media":7362,"comment_status":"open","ping_status":"closed","template":"","meta":{"_acf_changed":false},"product_brand":[],"product_cat":[153,1269,124],"product_tag":[454,470,455,471,456,472,457,473,458,474,443,459,475,444,460,476,445,461,446,462,447,463,448,464,449,465,450,466,451,467,452,468,453,469],"class_list":{"0":"post-7361","1":"product","2":"type-product","3":"status-publish","4":"has-post-thumbnail","6":"product_cat-futterzusatz","7":"product_cat-spezialfutter-futterzusatz","8":"product_cat-trockenfutter","9":"product_tag-futterfische-fuer-meeresbewohner","10":"product_tag-futtertiere-online-salzwasserfische","11":"product_tag-salzwasserfische-fuer-aquakulturen","12":"product_tag-salzwasserfisch-futter-fuer-aquaristik","13":"product_tag-salzwasserfische-tiergrosshandel","14":"product_tag-futtertiere-meeresbewohner","15":"product_tag-futterfische-fuer-aquarienfische","16":"product_tag-fischfutter-salzwasser","17":"product_tag-salzwasserfische-zoobedarf","18":"product_tag-salzwasserfisch-futterbedarf","19":"product_tag-salzwasserfisch-kaufen","20":"product_tag-salzwasserfische-fuer-raubfische","21":"product_tag-salzwasserfisch-grosskunden","22":"product_tag-futterfisch-salzwasser","23":"product_tag-futterfisch-fuer-grossaquarien","24":"product_tag-salzwasserfisch-fuer-fi","25":"product_tag-salzwasserfische-grosshandel","26":"product_tag-salzwasserfisch-tierfutterlieferant","27":"product_tag-futterfisch-fuer-zoos","28":"product_tag-salzwasserfisch-tiernahrung","29":"product_tag-salzwasserfisch-fuer-aquarien","30":"product_tag-salzwasserfisch-zuchtfutter","31":"product_tag-lebende-salzwasserfische","32":"product_tag-salzwasserfisch-angebot","33":"product_tag-salzwasserfisch-tierfutter","34":"product_tag-salzwasserfische-kaufen-online","35":"product_tag-futterfisch-tierhandel","36":"product_tag-salzwasserfisch-bestellen","37":"product_tag-salzwasserfisch-grosshandel","38":"product_tag-futterfisch-salzwasser-tierhandlung","39":"product_tag-futtertiere-salzwasserfisch","40":"product_tag-salzwasserfisch-futtermittel","41":"product_tag-lebende-futterfische","42":"product_tag-futterfisch-lieferant-salzwasser","44":"first","45":"instock","46":"taxable","47":"shipping-taxable","48":"purchasable","49":"product-type-simple"},"acf":[],"_links":{"self":[{"href":"https:\/\/www.intipa.com\/en\/wp-json\/wp\/v2\/product\/7361","targetHints":{"allow":["GET"]}}],"collection":[{"href":"https:\/\/www.intipa.com\/en\/wp-json\/wp\/v2\/product"}],"about":[{"href":"https:\/\/www.intipa.com\/en\/wp-json\/wp\/v2\/types\/product"}],"replies":[{"embeddable":true,"href":"https:\/\/www.intipa.com\/en\/wp-json\/wp\/v2\/comments?post=7361"}],"wp:featuredmedia":[{"embeddable":true,"href":"https:\/\/www.intipa.com\/en\/wp-json\/wp\/v2\/media\/7362"}],"wp:attachment":[{"href":"https:\/\/www.intipa.com\/en\/wp-json\/wp\/v2\/media?parent=7361"}],"wp:term":[{"taxonomy":"product_brand","embeddable":true,"href":"https:\/\/www.intipa.com\/en\/wp-json\/wp\/v2\/product_brand?post=7361"},{"taxonomy":"product_cat","embeddable":true,"href":"https:\/\/www.intipa.com\/en\/wp-json\/wp\/v2\/product_cat?post=7361"},{"taxonomy":"product_tag","embeddable":true,"href":"https:\/\/www.intipa.com\/en\/wp-json\/wp\/v2\/product_tag?post=7361"}],"curies":[{"name":"wp","href":"https:\/\/api.w.org\/{rel}","templated":true}]}}