{"id":3739,"date":"2024-07-09T11:35:01","date_gmt":"2024-07-09T09:35:01","guid":{"rendered":"https:\/\/www.intipa.com\/produkt\/huehnermix-hals-ruecken-magen-leber-karton-10-x-1kg\/"},"modified":"2026-02-17T14:14:27","modified_gmt":"2026-02-17T13:14:27","slug":"huehnermix-hals-ruecken-magen-leber-karton-10-x-1kg","status":"publish","type":"product","link":"https:\/\/www.intipa.com\/en\/produkt\/huehnermix-hals-ruecken-magen-leber-karton-10-x-1kg\/","title":{"rendered":"H\u00fchnermix &#8211; (Hals, R\u00fccken, Magen, Leber) &#8211; Karton &#8211; 10 x 1 kg"},"content":{"rendered":"<p>H\u00fchnermix - (Hals, R\u00fccken, Magen, Leber) - Karton - 10 x 1kg<\/p>\n","protected":false},"excerpt":{"rendered":"<p>H\u00fchnermix &#8211; (Hals, R\u00fccken, Magen, Leber) &#8211; Karton &#8211; 10 x 1kg<\/p>\n","protected":false},"featured_media":4907,"comment_status":"open","ping_status":"closed","template":"","meta":{"_acf_changed":false},"product_brand":[],"product_cat":[1214,108,135,1196,31],"product_tag":[347,363,348,364,349,365,350,366,351,367,352,368,353,369,354,370,355,371,356,372,357,373,358,374,359,360,361,362],"class_list":{"0":"post-3739","1":"product","2":"type-product","3":"status-publish","4":"has-post-thumbnail","6":"product_cat-hund-barf","7":"product_cat-fleisch","8":"product_cat-barf","9":"product_cat-huhn","10":"product_cat-frostfutter","11":"product_tag-gerupfte-huehner","12":"product_tag-nachhaltiges-tierfutter","13":"product_tag-huehner-ohne-federn","14":"product_tag-huehner-ohne-abfall","15":"product_tag-abfallfreie-huehner","16":"product_tag-huehner-fuer-wildtiere","17":"product_tag-gerupfte-huehner-kaufen","18":"product_tag-futterhuehner-gerupft","19":"product_tag-huehner-fuer-zoos","20":"product_tag-huehner-fuer-futterzwecke","21":"product_tag-tierfutter-huehner","22":"product_tag-gerupfte-futterhuehner","23":"product_tag-huehner-fuer-raubvoegel","24":"product_tag-huehner-ohne-federn-kaufen","25":"product_tag-futterhuehner","26":"product_tag-abfallfreie-huehnerlieferung","27":"product_tag-futtertiere-huehner","28":"product_tag-nachhaltige-futterhuehner","29":"product_tag-huehner-fuer-greifvoegel","30":"product_tag-futterhuehner-fuer-zoos","31":"product_tag-huehner-fuer-tiergaerten","32":"product_tag-huehner-fuer-exotische-tiere","33":"product_tag-abfallfreies-tierfutter","34":"product_tag-abfallfreie-huehnerproduktion","35":"product_tag-ganze-huehner-als-futter","36":"product_tag-huehner-fuer-zootiere","37":"product_tag-huehner-als-futtertiere","38":"product_tag-abfallfreie-futtertiere","39":"product_shipping_class-gefrierware","41":"first","42":"instock","43":"taxable","44":"shipping-taxable","45":"purchasable","46":"product-type-simple"},"acf":[],"_links":{"self":[{"href":"https:\/\/www.intipa.com\/en\/wp-json\/wp\/v2\/product\/3739","targetHints":{"allow":["GET"]}}],"collection":[{"href":"https:\/\/www.intipa.com\/en\/wp-json\/wp\/v2\/product"}],"about":[{"href":"https:\/\/www.intipa.com\/en\/wp-json\/wp\/v2\/types\/product"}],"replies":[{"embeddable":true,"href":"https:\/\/www.intipa.com\/en\/wp-json\/wp\/v2\/comments?post=3739"}],"wp:featuredmedia":[{"embeddable":true,"href":"https:\/\/www.intipa.com\/en\/wp-json\/wp\/v2\/media\/4907"}],"wp:attachment":[{"href":"https:\/\/www.intipa.com\/en\/wp-json\/wp\/v2\/media?parent=3739"}],"wp:term":[{"taxonomy":"product_brand","embeddable":true,"href":"https:\/\/www.intipa.com\/en\/wp-json\/wp\/v2\/product_brand?post=3739"},{"taxonomy":"product_cat","embeddable":true,"href":"https:\/\/www.intipa.com\/en\/wp-json\/wp\/v2\/product_cat?post=3739"},{"taxonomy":"product_tag","embeddable":true,"href":"https:\/\/www.intipa.com\/en\/wp-json\/wp\/v2\/product_tag?post=3739"}],"curies":[{"name":"wp","href":"https:\/\/api.w.org\/{rel}","templated":true}]}}