{"id":3651,"date":"2024-07-09T11:32:42","date_gmt":"2024-07-09T09:32:42","guid":{"rendered":"https:\/\/www.intipa.com\/produkt\/wildlife-alleinfutter-fuer-legehennen-grob-25-kg\/"},"modified":"2026-02-17T10:50:21","modified_gmt":"2026-02-17T09:50:21","slug":"wildlife-alleinfutter-fuer-legehennen-grob-25-kg","status":"publish","type":"product","link":"https:\/\/www.intipa.com\/en\/produkt\/wildlife-alleinfutter-fuer-legehennen-grob-25-kg\/","title":{"rendered":"Wildlife &#8211; Alleinfutter f\u00fcr Legehennen grob &#8211; Gefl\u00fcgel &#8211; K\u00f6rnerfutter &#8211; 25 kg"},"content":{"rendered":"<p>Wildlife - Alleinfutter f\u00fcr Legehennen grob - Gefl\u00fcgel - K\u00f6rnerfutter - 25 kg<\/p>\n","protected":false},"excerpt":{"rendered":"<p>Wildlife &#8211; Alleinfutter f\u00fcr Legehennen grob &#8211; Gefl\u00fcgel &#8211; K\u00f6rnerfutter &#8211; 25 kg<\/p>\n","protected":false},"featured_media":4751,"comment_status":"open","ping_status":"closed","template":"","meta":{"_acf_changed":false},"product_brand":[],"product_cat":[149,1516,1518,157,124],"product_tag":[835,866,836,867,852,868,853,869,854,870,855,871,856,857,858,859,860,861,862,863,864,865],"class_list":{"0":"post-3651","1":"product","2":"type-product","3":"status-publish","4":"has-post-thumbnail","6":"product_cat-wildlife-zoo","7":"product_cat-voegel-wl-wildlife-zoo","8":"product_cat-weitere-tierarten","9":"product_cat-fuer-haus-und-heimtiere","10":"product_cat-trockenfutter","11":"product_tag-hochwertiges-wildlife-futter","12":"product_tag-futter-fuer-wildtiere-kaufen","13":"product_tag-tiernahrung-fuer-wildtiere","14":"product_tag-wildlife-gepresste-snacks","15":"product_tag-wildlife-gepresst","16":"product_tag-tierernaehrung-fuer-wildtiere","17":"product_tag-futter-fuer-wildtiere","18":"product_tag-futter-fuer-wildvoegel","19":"product_tag-gepresse-tiernahrung","20":"product_tag-wildlife-protein","21":"product_tag-wildlife-tierfutter","22":"product_tag-gesunde-snacks-fuer-wildtiere","23":"product_tag-gesunde-wildtiere","24":"product_tag-futter-fuer-zoos","25":"product_tag-futter-fuer-tiergaerten","26":"product_tag-wildlife-ernaehrung","27":"product_tag-gepresse-nahrung-fuer-wildtiere","28":"product_tag-tierfutter-fuer-tiergeschaefte","29":"product_tag-wildlife-snack","30":"product_tag-oekologische-tiernahrung","31":"product_tag-futter-fuer-exotische-tiere","32":"product_tag-wildlife-gefriergetrocknet","34":"first","35":"instock","36":"taxable","37":"shipping-taxable","38":"purchasable","39":"product-type-simple"},"acf":[],"_links":{"self":[{"href":"https:\/\/www.intipa.com\/en\/wp-json\/wp\/v2\/product\/3651","targetHints":{"allow":["GET"]}}],"collection":[{"href":"https:\/\/www.intipa.com\/en\/wp-json\/wp\/v2\/product"}],"about":[{"href":"https:\/\/www.intipa.com\/en\/wp-json\/wp\/v2\/types\/product"}],"replies":[{"embeddable":true,"href":"https:\/\/www.intipa.com\/en\/wp-json\/wp\/v2\/comments?post=3651"}],"wp:featuredmedia":[{"embeddable":true,"href":"https:\/\/www.intipa.com\/en\/wp-json\/wp\/v2\/media\/4751"}],"wp:attachment":[{"href":"https:\/\/www.intipa.com\/en\/wp-json\/wp\/v2\/media?parent=3651"}],"wp:term":[{"taxonomy":"product_brand","embeddable":true,"href":"https:\/\/www.intipa.com\/en\/wp-json\/wp\/v2\/product_brand?post=3651"},{"taxonomy":"product_cat","embeddable":true,"href":"https:\/\/www.intipa.com\/en\/wp-json\/wp\/v2\/product_cat?post=3651"},{"taxonomy":"product_tag","embeddable":true,"href":"https:\/\/www.intipa.com\/en\/wp-json\/wp\/v2\/product_tag?post=3651"}],"curies":[{"name":"wp","href":"https:\/\/api.w.org\/{rel}","templated":true}]}}