{"id":3532,"date":"2024-07-09T11:29:22","date_gmt":"2024-07-09T09:29:22","guid":{"rendered":"https:\/\/www.intipa.com\/produkt\/nekton-iguana-spezialpraeparat-fuer-leguane-40-g\/"},"modified":"2026-02-17T10:48:27","modified_gmt":"2026-02-17T09:48:27","slug":"nekton-iguana-spezialpraeparat-fuer-leguane-40-g","status":"publish","type":"product","link":"https:\/\/www.intipa.com\/en\/produkt\/nekton-iguana-spezialpraeparat-fuer-leguane-40-g\/","title":{"rendered":"Nekton &#8211; Iguana &#8211; Spezialpr\u00e4parat f\u00fcr Leguane &#8211; 40 g"},"content":{"rendered":"<p>Nekton - Iguana - Spezialpr\u00e4parat f\u00fcr Leguane - 40 g<\/p>\n","protected":false},"excerpt":{"rendered":"<p>Nekton &#8211; Iguana &#8211; Spezialpr\u00e4parat f\u00fcr Leguane &#8211; 40 g<\/p>\n","protected":false},"featured_media":4533,"comment_status":"open","ping_status":"closed","template":"","meta":{"_acf_changed":false},"product_brand":[],"product_cat":[153,1520,124],"product_tag":[885,418,886,780,887,872,888,873,889,874,890,875,891,876,892,877,893,878,894,879,895,880,896,881,882,883,884],"class_list":{"0":"post-3532","1":"product","2":"type-product","3":"status-publish","4":"has-post-thumbnail","6":"product_cat-futterzusatz","7":"product_cat-reptilien-fuzu","8":"product_cat-trockenfutter","9":"product_tag-zoogeschaeft-handelsware","10":"product_tag-futtertiere-fuer-zoos","11":"product_tag-spezialfutter-fuer-zoo-tiere","12":"product_tag-tierfutter-grosshandel","13":"product_tag-aquaristik-zoo-artikel","14":"product_tag-zoo-handelswaren","15":"product_tag-reptilienbedarf","16":"product_tag-tierbedarf-zoo","17":"product_tag-vogelbedarf-zoo","18":"product_tag-zoo-futter","19":"product_tag-nagetierbedarf","20":"product_tag-zoofachhandel","21":"product_tag-futter-und-zubehoer-fuer-zoos","22":"product_tag-zoo-zubehoer","23":"product_tag-handelswaren-fuer-tiergaerten","24":"product_tag-zoologische-handelsware","25":"product_tag-wildtierbedarf","26":"product_tag-tierbedarf-grosshandel","27":"product_tag-zubehoer-fuer-tierhaeuser","28":"product_tag-lebendfutter-zoo","29":"product_tag-futtermittel-fuer-tierparks","30":"product_tag-futtermittel-fuer-zoos","31":"product_tag-gesundheitsprodukte-fuer-tiere","32":"product_tag-tiergeschaefte-zubehoer","33":"product_tag-zoo-artikel","34":"product_tag-tierpflege-produkte","35":"product_tag-tierernaehrungsbedarf","37":"first","38":"instock","39":"taxable","40":"shipping-taxable","41":"purchasable","42":"product-type-simple"},"acf":[],"_links":{"self":[{"href":"https:\/\/www.intipa.com\/en\/wp-json\/wp\/v2\/product\/3532","targetHints":{"allow":["GET"]}}],"collection":[{"href":"https:\/\/www.intipa.com\/en\/wp-json\/wp\/v2\/product"}],"about":[{"href":"https:\/\/www.intipa.com\/en\/wp-json\/wp\/v2\/types\/product"}],"replies":[{"embeddable":true,"href":"https:\/\/www.intipa.com\/en\/wp-json\/wp\/v2\/comments?post=3532"}],"wp:featuredmedia":[{"embeddable":true,"href":"https:\/\/www.intipa.com\/en\/wp-json\/wp\/v2\/media\/4533"}],"wp:attachment":[{"href":"https:\/\/www.intipa.com\/en\/wp-json\/wp\/v2\/media?parent=3532"}],"wp:term":[{"taxonomy":"product_brand","embeddable":true,"href":"https:\/\/www.intipa.com\/en\/wp-json\/wp\/v2\/product_brand?post=3532"},{"taxonomy":"product_cat","embeddable":true,"href":"https:\/\/www.intipa.com\/en\/wp-json\/wp\/v2\/product_cat?post=3532"},{"taxonomy":"product_tag","embeddable":true,"href":"https:\/\/www.intipa.com\/en\/wp-json\/wp\/v2\/product_tag?post=3532"}],"curies":[{"name":"wp","href":"https:\/\/api.w.org\/{rel}","templated":true}]}}