{"id":6687,"date":"2025-06-05T10:31:32","date_gmt":"2025-06-05T08:31:32","guid":{"rendered":"https:\/\/www.intipa.com\/?page_id=6687"},"modified":"2026-02-26T11:34:34","modified_gmt":"2026-02-26T10:34:34","slug":"werksverkauf","status":"publish","type":"page","link":"https:\/\/www.intipa.com\/en\/unternehmen\/werksverkauf\/","title":{"rendered":"Werksverkauf"},"content":{"rendered":"\n<h1 class=\"wp-block-heading\" id=\"unser-werksverkauf-premium-tiernahrung-und-mehr-direkt-vor-ort\">Unser Werksverkauf:<br>Premium Tiernahrung und mehr \u2013 Direkt vor Ort<\/h1>\n\n\n\n<figure class=\"wp-block-image size-full ghostkit-custom-m6o0J\"><img fetchpriority=\"high\" decoding=\"async\" width=\"1024\" height=\"294\" src=\"https:\/\/www.intipa.com\/wp-content\/uploads\/2026\/02\/banner-werksverkauf-2026-2.png\" alt=\"\" class=\"wp-image-7545\" srcset=\"https:\/\/www.intipa.com\/wp-content\/uploads\/2026\/02\/banner-werksverkauf-2026-2.png 1024w, https:\/\/www.intipa.com\/wp-content\/uploads\/2026\/02\/banner-werksverkauf-2026-2-300x86.png 300w, https:\/\/www.intipa.com\/wp-content\/uploads\/2026\/02\/banner-werksverkauf-2026-2-768x221.png 768w, https:\/\/www.intipa.com\/wp-content\/uploads\/2026\/02\/banner-werksverkauf-2026-2-640x184.png 640w, https:\/\/www.intipa.com\/wp-content\/uploads\/2026\/02\/banner-werksverkauf-2026-2-50x14.png 50w, https:\/\/www.intipa.com\/wp-content\/uploads\/2026\/02\/banner-werksverkauf-2026-2-175x50.png 175w, https:\/\/www.intipa.com\/wp-content\/uploads\/2026\/02\/banner-werksverkauf-2026-2-887x255.png 887w, https:\/\/www.intipa.com\/wp-content\/uploads\/2026\/02\/banner-werksverkauf-2026-2-600x172.png 600w\" sizes=\"(max-width: 1024px) 100vw, 1024px\" \/><\/figure>\n\n\n\n<p><strong>Was Dich in unserem Werksverkauf erwartet:<\/strong><\/p>\n\n\n\n<p class=\"has-medium-font-size\"><strong>Qualit\u00e4t, die \u00fcberzeugt:<\/strong><\/p>\n\n\n\n<p>Egal ob Du gefrorene Futtertiere, hochwertiges Frostfleisch, Frisch- oder Trockenfutter suchst \u2013 wir haben das Richtige f\u00fcr Dein Tier.<\/p>\n\n\n\n<p>Entdecke unsere brandneue <strong>intipa-Petfood<\/strong> Serie f\u00fcr Hunde und Katzen sowie unsere neuen <strong>intipa-BARF-Menues<\/strong>, oder w\u00e4hle aus namhaften Marken anderer Hersteller.<\/p>\n\n\n\n<p class=\"has-medium-font-size\"><strong>Breites Futtersortiment:<\/strong><\/p>\n\n\n\n<p>Als internationale Tierparkversorgung beliefern wir Zoos und Tierparks in ganz Europa. Diese bew\u00e4hrte Qualit\u00e4t bieten wir Dir jetzt direkt in unserem Werksverkauf an. Du profitierst von unserer Expertise und der sorgf\u00e4ltigen Auswahl unserer Produkte, die auch bei Privatkunden, Greifvogelanlagen und Aquarien sehr gesch\u00e4tzt werden.<\/p>\n\n\n\n<p class=\"has-medium-font-size\"><strong>Pers\u00f6nliche Beratung:<\/strong><\/p>\n\n\n\n<p>Unser Team legt gro\u00dfen Wert auf langfristige Kundenbeziehungen und ein wertsch\u00e4tzendes Miteinander. Wir nehmen uns Zeit f\u00fcr Dich und beraten Dich gerne pers\u00f6nlich zu allen Fragen rund ums Futter.<\/p>\n\n\n\n<div style=\"height:35px\" aria-hidden=\"true\" class=\"wp-block-spacer\"><\/div>\n\n\n\n<h2 class=\"wp-block-heading\" id=\"so-lauft-dein-einkauf-bei-uns-ab\">So l\u00e4uft Dein Einkauf bei uns ab:<\/h2>\n\n\n\n<p class=\"has-color-intipa-red-color has-text-color has-link-color has-medium-font-size wp-elements-582beae470751e960df12f1f36b3c8c2\"><strong>\u00d6ffnungszeiten des Werksverkaufs:<\/strong><\/p>\n\n\n\n<p>Wir sind f\u00fcr Dich da von <strong>Montag bis Freitag jeweils von 08:00 \u2013 12:30 Uhr und 13:30 \u2013 15:30 Uhr.<\/strong><\/p>\n\n\n\n<p class=\"has-color-intipa-red-color has-text-color has-link-color has-medium-font-size wp-elements-f96c0dc98ef1d126f7238267e7dfc14c\"><strong>Einfache Bezahlung:<\/strong><\/p>\n\n\n\n<p>Bei uns kannst Du bequem <strong>bar <\/strong>oder mit <strong>EC-Karte<\/strong> zahlen.<\/p>\n\n\n\n<p class=\"has-color-intipa-red-color has-text-color has-link-color has-medium-font-size wp-elements-848c86e8c6cb50df22a57ee26ce085d2\"><strong>Voranmeldung f\u00fcr gr\u00f6\u00dfere Mengen:<\/strong><\/p>\n\n\n\n<p>Einen reibungslosen Ablauf ohne gro\u00dfe Wartezeit k\u00f6nnen wir zusichern, wenn Du uns Deine Bestellung vorher telefonisch oder per E-Mail zukommen l\u00e4sst und uns wissen l\u00e4sst, wann Du vorbeikommen m\u00f6chtest.<\/p>\n\n\n\n<p>Solltest Du Dir hinsichtlich der Produktauswahl noch nicht sicher sein, beraten wir Dich gerne vor Ort!<\/p>\n\n\n\n<p>Ruf uns einfach unter der Kunden Hotline +49 (0) 7307 24 92 92 0 an.<\/p>\n\n\n\n<p>Alternativ kannst Du uns auch gerne eine E-Mail an <a href=\"mailto:order@intipa.de\">order@intipa.de<\/a> senden.<br><\/p>\n\n\n\n<p class=\"has-color-intipa-red-color has-text-color has-link-color has-medium-font-size wp-elements-df387b37606b24e81d5919f732b3c1cc\"><strong>Dein<\/strong> <strong>Weg zu uns:<\/strong><\/p>\n\n\n\n<p>Unser Werksverkauf befindet sich in:<br>intipa GmbH<br>Am Kieswerk 8<br>89250 Senden<\/p>\n\n\n\n<p>Eine vollst\u00e4ndige \u00dcbersicht unseres gesamten Sortiments findest Du in unserer Artikelliste und bald auch in unserem Online-Shop.<\/p>\n\n\n\n<p>Wir freuen uns auf Deinen Besuch und darauf, Dich und Deine Tiere optimal versorgen zu d\u00fcrfen!<\/p>\n","protected":false},"excerpt":{"rendered":"<p>Unser Werksverkauf:Premium Tiernahrung und mehr \u2013 Direkt vor Ort Was Dich in unserem Werksverkauf erwartet: Qualit\u00e4t, die \u00fcberzeugt: Egal ob Du gefrorene Futtertiere, hochwertiges Frostfleisch, Frisch- oder Trockenfutter suchst \u2013 wir haben das Richtige f\u00fcr Dein Tier. Entdecke unsere brandneue intipa-Petfood Serie f\u00fcr Hunde und Katzen sowie unsere neuen intipa-BARF-Menues, oder w\u00e4hle aus namhaften Marken [&hellip;]<\/p>\n","protected":false},"author":2,"featured_media":0,"parent":275,"menu_order":0,"comment_status":"closed","ping_status":"closed","template":"","meta":{"_acf_changed":false,"footnotes":""},"class_list":["post-6687","page","type-page","status-publish","hentry"],"acf":[],"_links":{"self":[{"href":"https:\/\/www.intipa.com\/en\/wp-json\/wp\/v2\/pages\/6687","targetHints":{"allow":["GET"]}}],"collection":[{"href":"https:\/\/www.intipa.com\/en\/wp-json\/wp\/v2\/pages"}],"about":[{"href":"https:\/\/www.intipa.com\/en\/wp-json\/wp\/v2\/types\/page"}],"author":[{"embeddable":true,"href":"https:\/\/www.intipa.com\/en\/wp-json\/wp\/v2\/users\/2"}],"replies":[{"embeddable":true,"href":"https:\/\/www.intipa.com\/en\/wp-json\/wp\/v2\/comments?post=6687"}],"version-history":[{"count":3,"href":"https:\/\/www.intipa.com\/en\/wp-json\/wp\/v2\/pages\/6687\/revisions"}],"predecessor-version":[{"id":8402,"href":"https:\/\/www.intipa.com\/en\/wp-json\/wp\/v2\/pages\/6687\/revisions\/8402"}],"up":[{"embeddable":true,"href":"https:\/\/www.intipa.com\/en\/wp-json\/wp\/v2\/pages\/275"}],"wp:attachment":[{"href":"https:\/\/www.intipa.com\/en\/wp-json\/wp\/v2\/media?parent=6687"}],"curies":[{"name":"wp","href":"https:\/\/api.w.org\/{rel}","templated":true}]}}