{"id":6346,"date":"2025-03-20T06:21:42","date_gmt":"2025-03-20T05:21:42","guid":{"rendered":"https:\/\/www.intipa.com\/?page_id=6346"},"modified":"2025-04-24T09:36:29","modified_gmt":"2025-04-24T07:36:29","slug":"bezahlmethoden","status":"publish","type":"page","link":"https:\/\/www.intipa.com\/en\/bezahlmethoden\/","title":{"rendered":"Bezahlmethoden"},"content":{"rendered":"\n<div class=\"wp-block-group is-nowrap is-layout-flex wp-container-core-group-is-layout-ad2f72ca wp-block-group-is-layout-flex\">\n<figure class=\"wp-block-image size-full is-resized\"><img fetchpriority=\"high\" decoding=\"async\" width=\"870\" height=\"468\" src=\"https:\/\/www.intipa.com\/wp-content\/uploads\/2025\/04\/Icon_vorkasse.png\" alt=\"\" class=\"wp-image-6454\" style=\"width:69px;height:auto\" srcset=\"https:\/\/www.intipa.com\/wp-content\/uploads\/2025\/04\/Icon_vorkasse.png 870w, https:\/\/www.intipa.com\/wp-content\/uploads\/2025\/04\/Icon_vorkasse-300x161.png 300w, https:\/\/www.intipa.com\/wp-content\/uploads\/2025\/04\/Icon_vorkasse-768x413.png 768w, https:\/\/www.intipa.com\/wp-content\/uploads\/2025\/04\/Icon_vorkasse-640x344.png 640w, https:\/\/www.intipa.com\/wp-content\/uploads\/2025\/04\/Icon_vorkasse-50x27.png 50w, https:\/\/www.intipa.com\/wp-content\/uploads\/2025\/04\/Icon_vorkasse-175x94.png 175w, https:\/\/www.intipa.com\/wp-content\/uploads\/2025\/04\/Icon_vorkasse-600x323.png 600w\" sizes=\"(max-width: 870px) 100vw, 870px\" \/><\/figure>\n\n\n\n<h2 class=\"wp-block-heading\" id=\"vorkasse\">Vorkasse<\/h2>\n<\/div>\n\n\n\n<p>Mit der Auftragsbest\u00e4tigung erh\u00e4ltst Du unsere Bankverbindung (bitte gib als Verwendungszweck die Auftragsnummer an). Nach Zahlungseingang versenden wir Deine Bestellung. Der Versand von Frostfutter mit einem Paketdienst erfolgt nur von Montag bis Mittwoch um die Qualit\u00e4t der Ware sicherzustellen.<br><br><strong>Unsere Bankverbindung:<\/strong><\/p>\n\n\n\n<ul class=\"wp-block-list\">\n<li><strong>Raiffeisenbank Schwaben Mitte<\/strong><br>BIC GENODEF1BLT<br>IBAN DE68 7206 9736 0100 1110 40<\/li>\n\n\n\n<li><strong>Sparkasse Neu-Ulm - Illertissen<\/strong><br>BIC BYLADEM1NUL<br>IBAN DE56 7305 0000 0441 9049 27<\/li>\n<\/ul>\n\n\n\n<hr class=\"wp-block-separator has-alpha-channel-opacity\"\/>\n\n\n\n<div class=\"wp-block-group is-nowrap is-layout-flex wp-container-core-group-is-layout-ad2f72ca wp-block-group-is-layout-flex\">\n<figure class=\"wp-block-image size-full is-resized\"><img decoding=\"async\" width=\"870\" height=\"468\" src=\"https:\/\/www.intipa.com\/wp-content\/uploads\/2025\/04\/X-Icons_sofort.png\" alt=\"\" class=\"wp-image-6457\" style=\"width:67px;height:auto\" srcset=\"https:\/\/www.intipa.com\/wp-content\/uploads\/2025\/04\/X-Icons_sofort.png 870w, https:\/\/www.intipa.com\/wp-content\/uploads\/2025\/04\/X-Icons_sofort-300x161.png 300w, https:\/\/www.intipa.com\/wp-content\/uploads\/2025\/04\/X-Icons_sofort-768x413.png 768w, https:\/\/www.intipa.com\/wp-content\/uploads\/2025\/04\/X-Icons_sofort-640x344.png 640w, https:\/\/www.intipa.com\/wp-content\/uploads\/2025\/04\/X-Icons_sofort-50x27.png 50w, https:\/\/www.intipa.com\/wp-content\/uploads\/2025\/04\/X-Icons_sofort-175x94.png 175w, https:\/\/www.intipa.com\/wp-content\/uploads\/2025\/04\/X-Icons_sofort-600x323.png 600w\" sizes=\"(max-width: 870px) 100vw, 870px\" \/><\/figure>\n\n\n\n<h2 class=\"wp-block-heading\" id=\"sofortuberweisung\">Sofort\u00fcberweisung<\/h2>\n<\/div>\n\n\n\n<p>Wenn Du die Zahlungsart Sofort\u00fcberweisung w\u00e4hlst, wirst Du zum Direkt\u00fcberweisungsverfahren \u201eSEPA \u00dcberweisung\" weitergeleitet. Dort loggst Du dich mit Deinen gewohnten Zugangsdaten Deines Online-Banking-Kontos in ein gesch\u00fctztes Zahlungsformular ein. Deine Daten werden verschl\u00fcsselt an Deine Bank \u00fcbermittelt. Du f\u00fchrst wie beim Online-Banking Deine \u00dcberweisung durch und best\u00e4tigst diese mit einer TAN.<\/p>\n\n\n\n<hr class=\"wp-block-separator has-alpha-channel-opacity\"\/>\n\n\n\n<div class=\"wp-block-group is-nowrap is-layout-flex wp-container-core-group-is-layout-ad2f72ca wp-block-group-is-layout-flex\">\n<figure class=\"wp-block-image size-full is-resized\"><img decoding=\"async\" width=\"870\" height=\"468\" src=\"https:\/\/www.intipa.com\/wp-content\/uploads\/2025\/04\/Icons_mastercard.png\" alt=\"\" class=\"wp-image-6459\" style=\"width:69px;height:auto\" srcset=\"https:\/\/www.intipa.com\/wp-content\/uploads\/2025\/04\/Icons_mastercard.png 870w, https:\/\/www.intipa.com\/wp-content\/uploads\/2025\/04\/Icons_mastercard-300x161.png 300w, https:\/\/www.intipa.com\/wp-content\/uploads\/2025\/04\/Icons_mastercard-768x413.png 768w, https:\/\/www.intipa.com\/wp-content\/uploads\/2025\/04\/Icons_mastercard-640x344.png 640w, https:\/\/www.intipa.com\/wp-content\/uploads\/2025\/04\/Icons_mastercard-50x27.png 50w, https:\/\/www.intipa.com\/wp-content\/uploads\/2025\/04\/Icons_mastercard-175x94.png 175w, https:\/\/www.intipa.com\/wp-content\/uploads\/2025\/04\/Icons_mastercard-600x323.png 600w\" sizes=\"(max-width: 870px) 100vw, 870px\" \/><\/figure>\n\n\n\n<figure class=\"wp-block-image size-full is-resized\"><img loading=\"lazy\" decoding=\"async\" width=\"870\" height=\"468\" src=\"https:\/\/www.intipa.com\/wp-content\/uploads\/2025\/04\/Icons_visa.png\" alt=\"\" class=\"wp-image-6461\" style=\"width:71px;height:auto\" srcset=\"https:\/\/www.intipa.com\/wp-content\/uploads\/2025\/04\/Icons_visa.png 870w, https:\/\/www.intipa.com\/wp-content\/uploads\/2025\/04\/Icons_visa-300x161.png 300w, https:\/\/www.intipa.com\/wp-content\/uploads\/2025\/04\/Icons_visa-768x413.png 768w, https:\/\/www.intipa.com\/wp-content\/uploads\/2025\/04\/Icons_visa-640x344.png 640w, https:\/\/www.intipa.com\/wp-content\/uploads\/2025\/04\/Icons_visa-50x27.png 50w, https:\/\/www.intipa.com\/wp-content\/uploads\/2025\/04\/Icons_visa-175x94.png 175w, https:\/\/www.intipa.com\/wp-content\/uploads\/2025\/04\/Icons_visa-600x323.png 600w\" sizes=\"(max-width: 870px) 100vw, 870px\" \/><\/figure>\n\n\n\n<h2 class=\"wp-block-heading\" id=\"kreditkartenzahlung\">Kreditkartenzahlung<\/h2>\n<\/div>\n\n\n\n<p>Wir akzeptieren VISA, Mastercard. Die Zahlung erfolgt \u00fcber SSLVerschl\u00fcsselung und wird \u00fcber den Dienstleister mollie abgewickelt.<\/p>\n\n\n\n<hr class=\"wp-block-separator has-alpha-channel-opacity\"\/>\n\n\n\n<div class=\"wp-block-group is-nowrap is-layout-flex wp-container-core-group-is-layout-ad2f72ca wp-block-group-is-layout-flex\">\n<figure class=\"wp-block-image size-full is-resized\"><img loading=\"lazy\" decoding=\"async\" width=\"870\" height=\"468\" src=\"https:\/\/www.intipa.com\/wp-content\/uploads\/2025\/04\/Icons_paypal.png\" alt=\"\" class=\"wp-image-6463\" style=\"width:73px;height:auto\" srcset=\"https:\/\/www.intipa.com\/wp-content\/uploads\/2025\/04\/Icons_paypal.png 870w, https:\/\/www.intipa.com\/wp-content\/uploads\/2025\/04\/Icons_paypal-300x161.png 300w, https:\/\/www.intipa.com\/wp-content\/uploads\/2025\/04\/Icons_paypal-768x413.png 768w, https:\/\/www.intipa.com\/wp-content\/uploads\/2025\/04\/Icons_paypal-640x344.png 640w, https:\/\/www.intipa.com\/wp-content\/uploads\/2025\/04\/Icons_paypal-50x27.png 50w, https:\/\/www.intipa.com\/wp-content\/uploads\/2025\/04\/Icons_paypal-175x94.png 175w, https:\/\/www.intipa.com\/wp-content\/uploads\/2025\/04\/Icons_paypal-600x323.png 600w\" sizes=\"(max-width: 870px) 100vw, 870px\" \/><\/figure>\n\n\n\n<figure class=\"wp-block-image size-full is-resized\"><img loading=\"lazy\" decoding=\"async\" width=\"870\" height=\"468\" src=\"https:\/\/www.intipa.com\/wp-content\/uploads\/2025\/04\/Icons_ideal.png\" alt=\"\" class=\"wp-image-6469\" style=\"width:74px;height:auto\" srcset=\"https:\/\/www.intipa.com\/wp-content\/uploads\/2025\/04\/Icons_ideal.png 870w, https:\/\/www.intipa.com\/wp-content\/uploads\/2025\/04\/Icons_ideal-300x161.png 300w, https:\/\/www.intipa.com\/wp-content\/uploads\/2025\/04\/Icons_ideal-768x413.png 768w, https:\/\/www.intipa.com\/wp-content\/uploads\/2025\/04\/Icons_ideal-640x344.png 640w, https:\/\/www.intipa.com\/wp-content\/uploads\/2025\/04\/Icons_ideal-50x27.png 50w, https:\/\/www.intipa.com\/wp-content\/uploads\/2025\/04\/Icons_ideal-175x94.png 175w, https:\/\/www.intipa.com\/wp-content\/uploads\/2025\/04\/Icons_ideal-600x323.png 600w\" sizes=\"(max-width: 870px) 100vw, 870px\" \/><\/figure>\n\n\n\n<h2 class=\"wp-block-heading\" id=\"paypal-und-ideal\">Paypal und iDEAL<\/h2>\n<\/div>\n\n\n\n<p>Du kannst auch bequem per PayPal oder iDEAL bezahlen. W\u00e4hle dazu im Bestellvorgang die entsprechende Zahlungsart aus und Du gelangst auf die verschl\u00fcsselte Website von PayPal bzw. iDEAL. Nach Abschluss des Bezahlvorgangs wirst Du wieder auf unsere Seite weitergeleitet.<\/p>\n\n\n\n<hr class=\"wp-block-separator has-alpha-channel-opacity\"\/>\n\n\n\n<hr class=\"wp-block-separator has-alpha-channel-opacity\"\/>\n\n\n\n<div class=\"wp-block-group is-nowrap is-layout-flex wp-container-core-group-is-layout-ad2f72ca wp-block-group-is-layout-flex\">\n<figure class=\"wp-block-image size-full is-resized\"><img loading=\"lazy\" decoding=\"async\" width=\"870\" height=\"468\" src=\"https:\/\/www.intipa.com\/wp-content\/uploads\/2025\/04\/Icons_RECHNUNG-1.png\" alt=\"\" class=\"wp-image-6475\" style=\"width:76px;height:auto\" srcset=\"https:\/\/www.intipa.com\/wp-content\/uploads\/2025\/04\/Icons_RECHNUNG-1.png 870w, https:\/\/www.intipa.com\/wp-content\/uploads\/2025\/04\/Icons_RECHNUNG-1-300x161.png 300w, https:\/\/www.intipa.com\/wp-content\/uploads\/2025\/04\/Icons_RECHNUNG-1-768x413.png 768w, https:\/\/www.intipa.com\/wp-content\/uploads\/2025\/04\/Icons_RECHNUNG-1-640x344.png 640w, https:\/\/www.intipa.com\/wp-content\/uploads\/2025\/04\/Icons_RECHNUNG-1-50x27.png 50w, https:\/\/www.intipa.com\/wp-content\/uploads\/2025\/04\/Icons_RECHNUNG-1-175x94.png 175w, https:\/\/www.intipa.com\/wp-content\/uploads\/2025\/04\/Icons_RECHNUNG-1-600x323.png 600w\" sizes=\"(max-width: 870px) 100vw, 870px\" \/><\/figure>\n\n\n\n<figure class=\"wp-block-image size-full is-resized\"><img loading=\"lazy\" decoding=\"async\" width=\"870\" height=\"468\" src=\"https:\/\/www.intipa.com\/wp-content\/uploads\/2025\/04\/Icons_BAR-2.png\" alt=\"\" class=\"wp-image-6479\" style=\"width:78px;height:auto\" srcset=\"https:\/\/www.intipa.com\/wp-content\/uploads\/2025\/04\/Icons_BAR-2.png 870w, https:\/\/www.intipa.com\/wp-content\/uploads\/2025\/04\/Icons_BAR-2-300x161.png 300w, https:\/\/www.intipa.com\/wp-content\/uploads\/2025\/04\/Icons_BAR-2-768x413.png 768w, https:\/\/www.intipa.com\/wp-content\/uploads\/2025\/04\/Icons_BAR-2-640x344.png 640w, https:\/\/www.intipa.com\/wp-content\/uploads\/2025\/04\/Icons_BAR-2-50x27.png 50w, https:\/\/www.intipa.com\/wp-content\/uploads\/2025\/04\/Icons_BAR-2-175x94.png 175w, https:\/\/www.intipa.com\/wp-content\/uploads\/2025\/04\/Icons_BAR-2-600x323.png 600w\" sizes=\"(max-width: 870px) 100vw, 870px\" \/><\/figure>\n\n\n\n<h2 class=\"wp-block-heading\" id=\"bankeinzug\">Rechnung und Barzahlung<\/h2>\n<\/div>\n\n\n\n<p><sup>(F\u00fcr registrierte Kunden)<\/sup><br>F\u00fcr registrierte Kunden bieten wir auch die Zahlung per Rechnung an. Dazu muss sich der Benutzer zun\u00e4chst registrieren und kann dann nach einer Pr\u00fcfung f\u00fcr die Zahlungsart \"Rechnung\" freigeschaltet werden. F\u00fcr die Zahlung per Rechnung wende Dich bitte an unsere Buchhaltung.<\/p>\n\n\n\n<p>Kunden, die ihre Ware direkt bei uns vor Ort abholen, haben die M\u00f6glichkeit, bar zu bezahlen. Ebenso besteht diese Option f\u00fcr Kunden, die bei der \u00dcbergabe der Ware am Treffpunkt bar bezahlen m\u00f6chten.<br><br>E-Mail: <a href=\"mailto:invoice@intipa.de\">invoice@intipa.de<\/a><br>Tel.: +49 (0)7307 24 92 92 7<\/p>\n\n\n\n<p><\/p>\n\n\n\n<hr class=\"wp-block-separator has-alpha-channel-opacity\"\/>\n\n\n\n<div class=\"wp-block-group is-nowrap is-layout-flex wp-container-core-group-is-layout-ad2f72ca wp-block-group-is-layout-flex\">\n<figure class=\"wp-block-image size-full is-resized\"><img loading=\"lazy\" decoding=\"async\" width=\"870\" height=\"468\" src=\"https:\/\/www.intipa.com\/wp-content\/uploads\/2025\/04\/X_Icons_sepa_sofort.png\" alt=\"\" class=\"wp-image-6467\" style=\"width:73px;height:auto\" srcset=\"https:\/\/www.intipa.com\/wp-content\/uploads\/2025\/04\/X_Icons_sepa_sofort.png 870w, https:\/\/www.intipa.com\/wp-content\/uploads\/2025\/04\/X_Icons_sepa_sofort-300x161.png 300w, https:\/\/www.intipa.com\/wp-content\/uploads\/2025\/04\/X_Icons_sepa_sofort-768x413.png 768w, https:\/\/www.intipa.com\/wp-content\/uploads\/2025\/04\/X_Icons_sepa_sofort-640x344.png 640w, https:\/\/www.intipa.com\/wp-content\/uploads\/2025\/04\/X_Icons_sepa_sofort-50x27.png 50w, https:\/\/www.intipa.com\/wp-content\/uploads\/2025\/04\/X_Icons_sepa_sofort-175x94.png 175w, https:\/\/www.intipa.com\/wp-content\/uploads\/2025\/04\/X_Icons_sepa_sofort-600x323.png 600w\" sizes=\"(max-width: 870px) 100vw, 870px\" \/><\/figure>\n\n\n\n<h2 class=\"wp-block-heading\" id=\"bankeinzug\">Bankeinzug <\/h2>\n<\/div>\n\n\n\n<p><sup>(F\u00fcr registrierte Kunden)<\/sup><br>Zahlungen per Bankeinzug sind nur f\u00fcr registrierte Kunden m\u00f6glich. Wir buchen den Betrag in der Regel 10 Tage nach Erhalt der Ware von Deinem hinterlegten Konto ab. F\u00fcr eine Zahlung per Bankeinzug wende Dich bitte an unsere Buchhaltung.<br><br>E-Mail: <a href=\"mailto:invoice@intipa.de\">invoice@intipa.de<\/a><br>Tel.: +49 (0)7307 24 92 92 7<\/p>\n","protected":false},"excerpt":{"rendered":"<p>Vorkasse Mit der Auftragsbest\u00e4tigung erh\u00e4ltst Du unsere Bankverbindung (bitte gib als Verwendungszweck die Auftragsnummer an). Nach Zahlungseingang versenden wir Deine Bestellung. Der Versand von Frostfutter mit einem Paketdienst erfolgt nur von Montag bis Mittwoch um die Qualit\u00e4t der Ware sicherzustellen. Unsere Bankverbindung: Sofort\u00fcberweisung Wenn Du die Zahlungsart Sofort\u00fcberweisung w\u00e4hlst, wirst Du zum Direkt\u00fcberweisungsverfahren \u201eSEPA \u00dcberweisung&#8221; [&hellip;]<\/p>\n","protected":false},"author":2,"featured_media":0,"parent":0,"menu_order":0,"comment_status":"closed","ping_status":"closed","template":"","meta":{"_acf_changed":false,"footnotes":""},"class_list":["post-6346","page","type-page","status-publish","hentry"],"acf":[],"_links":{"self":[{"href":"https:\/\/www.intipa.com\/en\/wp-json\/wp\/v2\/pages\/6346","targetHints":{"allow":["GET"]}}],"collection":[{"href":"https:\/\/www.intipa.com\/en\/wp-json\/wp\/v2\/pages"}],"about":[{"href":"https:\/\/www.intipa.com\/en\/wp-json\/wp\/v2\/types\/page"}],"author":[{"embeddable":true,"href":"https:\/\/www.intipa.com\/en\/wp-json\/wp\/v2\/users\/2"}],"replies":[{"embeddable":true,"href":"https:\/\/www.intipa.com\/en\/wp-json\/wp\/v2\/comments?post=6346"}],"version-history":[{"count":0,"href":"https:\/\/www.intipa.com\/en\/wp-json\/wp\/v2\/pages\/6346\/revisions"}],"wp:attachment":[{"href":"https:\/\/www.intipa.com\/en\/wp-json\/wp\/v2\/media?parent=6346"}],"curies":[{"name":"wp","href":"https:\/\/api.w.org\/{rel}","templated":true}]}}