{"id":281,"date":"2023-10-24T14:23:03","date_gmt":"2023-10-24T12:23:03","guid":{"rendered":"https:\/\/www.intipa.com\/unternehmen\/qualitaet\/"},"modified":"2024-09-30T08:34:45","modified_gmt":"2024-09-30T06:34:45","slug":"qualitaet","status":"publish","type":"page","link":"https:\/\/www.intipa.com\/en\/unternehmen\/qualitaet\/","title":{"rendered":"Qualit\u00e4t"},"content":{"rendered":"\n<h1 class=\"wp-block-heading\" id=\"hochwertige-nahrung-fur-zoo-und-wildtiere\">HOCHWERTIGE NAHRUNG F\u00dcR ZOO- UND WILDTIERE<\/h1>\n\n\n\n<figure class=\"wp-block-image size-large ghostkit-custom-1KSVTu\"><img fetchpriority=\"high\" decoding=\"async\" width=\"1024\" height=\"294\" src=\"https:\/\/www.intipa.com\/wp-content\/uploads\/2024\/02\/23_header_qulitaet-1024x294.png\" alt=\"\" class=\"wp-image-1622\" srcset=\"https:\/\/www.intipa.com\/wp-content\/uploads\/2024\/02\/23_header_qulitaet-1024x294.png 1024w, https:\/\/www.intipa.com\/wp-content\/uploads\/2024\/02\/23_header_qulitaet-300x86.png 300w, https:\/\/www.intipa.com\/wp-content\/uploads\/2024\/02\/23_header_qulitaet-768x220.png 768w, https:\/\/www.intipa.com\/wp-content\/uploads\/2024\/02\/23_header_qulitaet-640x184.png 640w, https:\/\/www.intipa.com\/wp-content\/uploads\/2024\/02\/23_header_qulitaet-50x14.png 50w, https:\/\/www.intipa.com\/wp-content\/uploads\/2024\/02\/23_header_qulitaet.png 1398w\" sizes=\"(max-width: 1024px) 100vw, 1024px\" \/><\/figure>\n\n\n\n<h2 class=\"wp-block-heading has-color-intipa-red-color has-text-color has-link-color wp-elements-b0f848982c1eafba534b693c07f582c1\" id=\"qualitat-und-vertrauen-stehen-im-mittelpunkt-unserer-mission-unsere-verpflichtung-gilt-der-optimalen-versorgung-deiner-tiere-auf-naturliche-und-wertvolle-weise\"><strong>QUALIT\u00c4T UND VERTRAUEN STEHEN IM MITTELPUNKT UNSERER MISSION. UNSERE VERPFLICHTUNG GILT DER OPTIMALEN VERSORGUNG DEINER TIERE AUF NAT\u00dcRLICHE UND WERTVOLLE WEISE.<\/strong><\/h2>\n\n\n\n<h2 class=\"wp-block-heading\" id=\"qualitat-und-tiergesundheit\">QUALIT\u00c4T UND TIERGESUNDHEIT<\/h2>\n\n\n\n<p>Durch stetige Kontrollen sichern wir kontinuierlich die Qualit\u00e4t unserer Tiernahrung. K\u00fcken, Ratten und M\u00e4use unterliegen daher strengen Veterin\u00e4rkontrollen. Gerne stellen wir Dir die entsprechenden Gesundheitszeugnisse zur Verf\u00fcgung.<\/p>\n\n\n\n<h2 class=\"wp-block-heading\" id=\"zuverlassigkeit-vom-wareneingang-bis-zur-lieferung\">ZUVERL\u00c4SSIGKEIT VOM WARENEINGANG BIS ZUR LIEFERUNG<\/h2>\n\n\n\n<p>Als zuverl\u00e4ssiger Partner f\u00fcr die Versorgung Deiner Tiere kannst Du uns vertrauen, denn h\u00f6chste Qualit\u00e4t ist f\u00fcr uns selbstverst\u00e4ndlich. Paradebeispiel daf\u00fcr ist die strenge Kontrolle der K\u00fchlung. Bereits beim Wareneingang pr\u00fcfen und kommissionieren wir in unserer speziellen K\u00fchlhalle. Wir liefern Deine Bestellung in regelm\u00e4\u00dfig gewarteten K\u00fchl-LKWs.<\/p>\n\n\n\n<h2 class=\"wp-block-heading\" id=\"langfristige-partnerschaft-und-personlicher-kontakt\">LANGFRISTIGE PARTNERSCHAFT UND PERS\u00d6NLICHER KONTAKT<\/h2>\n\n\n\n<p>Als Dein zuverl\u00e4ssiger Partner setzen wir auf langfristige Beziehungen. Dein Vertrauen ist uns wichtig, und wir<br>freuen uns darauf, im regelm\u00e4\u00dfigen Austausch die besten L\u00f6sungen f\u00fcr das Wohlbefinden Deiner Tiere zu finden.<\/p>\n\n\n\n<h2 class=\"wp-block-heading\" id=\"noch-fragen\">NOCH FRAGEN?<\/h2>\n\n\n\n<p>Entdecke in unserem Shop, wie wir Deine Tiere stets mit hochwertiger Nahrung als Frostfutter oder Trockenfutter versorgen. Kontaktiere uns gerne f\u00fcr weitere Informationen.<\/p>\n\n\n\n<div class=\"wp-block-columns is-layout-flex wp-container-core-columns-is-layout-9d6595d7 wp-block-columns-is-layout-flex\">\n<div class=\"wp-block-column is-layout-flow wp-block-column-is-layout-flow\"><a href=\"https:\/\/www.intipa.com\/en\/unternehmen\/kontakt\/\" class=\"intipa_link mode_1\">\n\t\t<div>Zum Kontaktformular<\/div>\n\t<\/a>\n<\/div>\n\n\n\n<div class=\"wp-block-column is-layout-flow wp-block-column-is-layout-flow\"><a href=\"tel:073072492920\" class=\"intipa_link mode_2\">\n\t\t<div>Hotline<\/div>\n\t<div>+49 (0) 7307 24 92 92 0<\/div>\n\t<\/a>\n<\/div>\n<\/div>\n","protected":false},"excerpt":{"rendered":"<p>HOCHWERTIGE NAHRUNG F\u00dcR ZOO- UND WILDTIERE QUALIT\u00c4T UND VERTRAUEN STEHEN IM MITTELPUNKT UNSERER MISSION. UNSERE VERPFLICHTUNG GILT DER OPTIMALEN VERSORGUNG DEINER TIERE AUF NAT\u00dcRLICHE UND WERTVOLLE WEISE. QUALIT\u00c4T UND TIERGESUNDHEIT Durch stetige Kontrollen sichern wir kontinuierlich die Qualit\u00e4t unserer Tiernahrung. K\u00fcken, Ratten und M\u00e4use unterliegen daher strengen Veterin\u00e4rkontrollen. Gerne stellen wir Dir die entsprechenden Gesundheitszeugnisse [&hellip;]<\/p>\n","protected":false},"author":1,"featured_media":0,"parent":275,"menu_order":2,"comment_status":"closed","ping_status":"closed","template":"","meta":{"_acf_changed":false,"footnotes":""},"class_list":["post-281","page","type-page","status-publish","hentry"],"acf":[],"_links":{"self":[{"href":"https:\/\/www.intipa.com\/en\/wp-json\/wp\/v2\/pages\/281","targetHints":{"allow":["GET"]}}],"collection":[{"href":"https:\/\/www.intipa.com\/en\/wp-json\/wp\/v2\/pages"}],"about":[{"href":"https:\/\/www.intipa.com\/en\/wp-json\/wp\/v2\/types\/page"}],"author":[{"embeddable":true,"href":"https:\/\/www.intipa.com\/en\/wp-json\/wp\/v2\/users\/1"}],"replies":[{"embeddable":true,"href":"https:\/\/www.intipa.com\/en\/wp-json\/wp\/v2\/comments?post=281"}],"version-history":[{"count":0,"href":"https:\/\/www.intipa.com\/en\/wp-json\/wp\/v2\/pages\/281\/revisions"}],"up":[{"embeddable":true,"href":"https:\/\/www.intipa.com\/en\/wp-json\/wp\/v2\/pages\/275"}],"wp:attachment":[{"href":"https:\/\/www.intipa.com\/en\/wp-json\/wp\/v2\/media?parent=281"}],"curies":[{"name":"wp","href":"https:\/\/api.w.org\/{rel}","templated":true}]}}