{"id":279,"date":"2023-10-24T14:23:03","date_gmt":"2023-10-24T12:23:03","guid":{"rendered":"https:\/\/www.intipa.com\/unternehmen\/team\/"},"modified":"2024-02-23T11:19:27","modified_gmt":"2024-02-23T10:19:27","slug":"team","status":"publish","type":"page","link":"https:\/\/www.intipa.com\/en\/unternehmen\/team\/","title":{"rendered":"Team"},"content":{"rendered":"\n<h1 class=\"wp-block-heading\" id=\"team\">Team<\/h1>\n\n\n\n<figure class=\"wp-block-image size-large ghostkit-custom-ZM3Fnz\"><img fetchpriority=\"high\" decoding=\"async\" width=\"1024\" height=\"294\" src=\"https:\/\/www.intipa.com\/wp-content\/uploads\/2024\/02\/23_header_team-1024x294.png\" alt=\"\" class=\"wp-image-1624\" srcset=\"https:\/\/www.intipa.com\/wp-content\/uploads\/2024\/02\/23_header_team-1024x294.png 1024w, https:\/\/www.intipa.com\/wp-content\/uploads\/2024\/02\/23_header_team-300x86.png 300w, https:\/\/www.intipa.com\/wp-content\/uploads\/2024\/02\/23_header_team-768x220.png 768w, https:\/\/www.intipa.com\/wp-content\/uploads\/2024\/02\/23_header_team-640x184.png 640w, https:\/\/www.intipa.com\/wp-content\/uploads\/2024\/02\/23_header_team-50x14.png 50w, https:\/\/www.intipa.com\/wp-content\/uploads\/2024\/02\/23_header_team.png 1398w\" sizes=\"(max-width: 1024px) 100vw, 1024px\" \/><\/figure>\n\n\n\n<p>Das intipa Team besteht aus begeisterten Mitarbeitern, die mit Leidenschaft f\u00fcr Tiere und langj\u00e4hrigem Know-How vor und hinter den Kulissen f\u00fcr Sie bereitstehen.<\/p>\n\n\n<div class=\"intipa_memberlist\">\n\t\t<div class=\"group\">\n\t\t<h2>Office<\/h2>\n\t\t<div class=\"member_grid\">\n\t\t\t\t\t\t<div class=\"member\">\n\t\t\t\t\t\t\t\t<div class=\"image\"><img decoding=\"async\" width=\"440\" height=\"286\" src=\"https:\/\/www.intipa.com\/wp-content\/uploads\/2024\/01\/ludwig.jpg\" class=\"attachment-440x440 size-440x440\" alt=\"\" srcset=\"https:\/\/www.intipa.com\/wp-content\/uploads\/2024\/01\/ludwig.jpg 768w, https:\/\/www.intipa.com\/wp-content\/uploads\/2024\/01\/ludwig-300x195.jpg 300w, https:\/\/www.intipa.com\/wp-content\/uploads\/2024\/01\/ludwig-640x417.jpg 640w, https:\/\/www.intipa.com\/wp-content\/uploads\/2024\/01\/ludwig-50x33.jpg 50w, https:\/\/www.intipa.com\/wp-content\/uploads\/2024\/01\/ludwig-600x391.jpg 600w\" sizes=\"(max-width: 440px) 100vw, 440px\" \/><\/div>\n\t\t\t\t\t\t\t\t<h3 class=\"name\">Thomas Ludwig<\/h3>\n\t\t\t\t\t\t\t\t<div class=\"note\">Gesch\u00e4ftsf\u00fchrer<\/div>\n\t\t\t\t\t\t\t<\/div>\n\t\t\t\t\t\t<div class=\"member\">\n\t\t\t\t\t\t\t\t<div class=\"image\"><img decoding=\"async\" width=\"440\" height=\"286\" src=\"https:\/\/www.intipa.com\/wp-content\/uploads\/2024\/01\/grosser.jpg\" class=\"attachment-440x440 size-440x440\" alt=\"\" srcset=\"https:\/\/www.intipa.com\/wp-content\/uploads\/2024\/01\/grosser.jpg 768w, https:\/\/www.intipa.com\/wp-content\/uploads\/2024\/01\/grosser-300x195.jpg 300w, https:\/\/www.intipa.com\/wp-content\/uploads\/2024\/01\/grosser-640x417.jpg 640w, https:\/\/www.intipa.com\/wp-content\/uploads\/2024\/01\/grosser-50x33.jpg 50w, https:\/\/www.intipa.com\/wp-content\/uploads\/2024\/01\/grosser-600x391.jpg 600w\" sizes=\"(max-width: 440px) 100vw, 440px\" \/><\/div>\n\t\t\t\t\t\t\t\t<h3 class=\"name\">Friederike Gro\u1e9eer<\/h3>\n\t\t\t\t\t\t\t\t<div class=\"note\">Assistenz der Gesch\u00e4ftsf\u00fchrung<br \/>\r\nFinanz- und Rechnungswesen<br \/>\r\nProkura<\/div>\n\t\t\t\t\t\t\t<\/div>\n\t\t\t\t\t\t<div class=\"member\">\n\t\t\t\t\t\t\t\t<div class=\"image\"><img loading=\"lazy\" decoding=\"async\" width=\"440\" height=\"286\" src=\"https:\/\/www.intipa.com\/wp-content\/uploads\/2024\/01\/staeb.jpg\" class=\"attachment-440x440 size-440x440\" alt=\"\" srcset=\"https:\/\/www.intipa.com\/wp-content\/uploads\/2024\/01\/staeb.jpg 768w, https:\/\/www.intipa.com\/wp-content\/uploads\/2024\/01\/staeb-300x195.jpg 300w, https:\/\/www.intipa.com\/wp-content\/uploads\/2024\/01\/staeb-640x417.jpg 640w, https:\/\/www.intipa.com\/wp-content\/uploads\/2024\/01\/staeb-50x33.jpg 50w, https:\/\/www.intipa.com\/wp-content\/uploads\/2024\/01\/staeb-600x391.jpg 600w\" sizes=\"(max-width: 440px) 100vw, 440px\" \/><\/div>\n\t\t\t\t\t\t\t\t<h3 class=\"name\">Johannes St\u00e4b<\/h3>\n\t\t\t\t\t\t\t\t<div class=\"note\">Betriebsleitung<br \/>\r\nProkura<\/div>\n\t\t\t\t\t\t\t<\/div>\n\t\t\t\t\t\t<div class=\"member\">\n\t\t\t\t\t\t\t\t<div class=\"image\"><img loading=\"lazy\" decoding=\"async\" width=\"440\" height=\"286\" src=\"https:\/\/www.intipa.com\/wp-content\/uploads\/2024\/09\/Intipa_Elena_Isnard-1.jpg\" class=\"attachment-440x440 size-440x440\" alt=\"\" srcset=\"https:\/\/www.intipa.com\/wp-content\/uploads\/2024\/09\/Intipa_Elena_Isnard-1.jpg 768w, https:\/\/www.intipa.com\/wp-content\/uploads\/2024\/09\/Intipa_Elena_Isnard-1-300x195.jpg 300w, https:\/\/www.intipa.com\/wp-content\/uploads\/2024\/09\/Intipa_Elena_Isnard-1-640x417.jpg 640w, https:\/\/www.intipa.com\/wp-content\/uploads\/2024\/09\/Intipa_Elena_Isnard-1-50x33.jpg 50w, https:\/\/www.intipa.com\/wp-content\/uploads\/2024\/09\/Intipa_Elena_Isnard-1-175x114.jpg 175w, https:\/\/www.intipa.com\/wp-content\/uploads\/2024\/09\/Intipa_Elena_Isnard-1-600x391.jpg 600w\" sizes=\"(max-width: 440px) 100vw, 440px\" \/><\/div>\n\t\t\t\t\t\t\t\t<h3 class=\"name\">Elena Isnard<\/h3>\n\t\t\t\t\t\t\t\t<div class=\"note\">Vertrieb + Disposition<br \/>\r\nTel. Bestellannahme<\/div>\n\t\t\t\t\t\t\t<\/div>\n\t\t\t\t\t\t<div class=\"member\">\n\t\t\t\t\t\t\t\t<div class=\"image\"><img loading=\"lazy\" decoding=\"async\" width=\"440\" height=\"286\" src=\"https:\/\/www.intipa.com\/wp-content\/uploads\/2024\/10\/anja.jpg\" class=\"attachment-440x440 size-440x440\" alt=\"\" srcset=\"https:\/\/www.intipa.com\/wp-content\/uploads\/2024\/10\/anja.jpg 768w, https:\/\/www.intipa.com\/wp-content\/uploads\/2024\/10\/anja-300x195.jpg 300w, https:\/\/www.intipa.com\/wp-content\/uploads\/2024\/10\/anja-640x417.jpg 640w, https:\/\/www.intipa.com\/wp-content\/uploads\/2024\/10\/anja-50x33.jpg 50w, https:\/\/www.intipa.com\/wp-content\/uploads\/2024\/10\/anja-175x114.jpg 175w, https:\/\/www.intipa.com\/wp-content\/uploads\/2024\/10\/anja-600x391.jpg 600w\" sizes=\"(max-width: 440px) 100vw, 440px\" \/><\/div>\n\t\t\t\t\t\t\t\t<h3 class=\"name\">Anja Eisenmann<\/h3>\n\t\t\t\t\t\t\t\t<div class=\"note\">Backoffice<\/div>\n\t\t\t\t\t\t\t<\/div>\n\t\t\t\t\t\t<div class=\"member\">\n\t\t\t\t\t\t\t\t<div class=\"image\"><img loading=\"lazy\" decoding=\"async\" width=\"440\" height=\"286\" src=\"https:\/\/www.intipa.com\/wp-content\/uploads\/2026\/02\/sj.jpg\" class=\"attachment-440x440 size-440x440\" alt=\"\" srcset=\"https:\/\/www.intipa.com\/wp-content\/uploads\/2026\/02\/sj.jpg 768w, https:\/\/www.intipa.com\/wp-content\/uploads\/2026\/02\/sj-300x195.jpg 300w, https:\/\/www.intipa.com\/wp-content\/uploads\/2026\/02\/sj-640x417.jpg 640w, https:\/\/www.intipa.com\/wp-content\/uploads\/2026\/02\/sj-50x33.jpg 50w, https:\/\/www.intipa.com\/wp-content\/uploads\/2026\/02\/sj-175x114.jpg 175w, https:\/\/www.intipa.com\/wp-content\/uploads\/2026\/02\/sj-600x391.jpg 600w\" sizes=\"(max-width: 440px) 100vw, 440px\" \/><\/div>\n\t\t\t\t\t\t\t\t<h3 class=\"name\">Sina Jenisch<\/h3>\n\t\t\t\t\t\t\t\t<div class=\"note\">Praktikantin<\/div>\n\t\t\t\t\t\t\t<\/div>\n\t\t\t\t\t\t<div class=\"member\">\n\t\t\t\t\t\t\t\t<div class=\"image\"><img loading=\"lazy\" decoding=\"async\" width=\"440\" height=\"286\" src=\"https:\/\/www.intipa.com\/wp-content\/uploads\/2026\/02\/jr.jpg\" class=\"attachment-440x440 size-440x440\" alt=\"\" srcset=\"https:\/\/www.intipa.com\/wp-content\/uploads\/2026\/02\/jr.jpg 768w, https:\/\/www.intipa.com\/wp-content\/uploads\/2026\/02\/jr-300x195.jpg 300w, https:\/\/www.intipa.com\/wp-content\/uploads\/2026\/02\/jr-640x417.jpg 640w, https:\/\/www.intipa.com\/wp-content\/uploads\/2026\/02\/jr-50x33.jpg 50w, https:\/\/www.intipa.com\/wp-content\/uploads\/2026\/02\/jr-175x114.jpg 175w, https:\/\/www.intipa.com\/wp-content\/uploads\/2026\/02\/jr-600x391.jpg 600w\" sizes=\"(max-width: 440px) 100vw, 440px\" \/><\/div>\n\t\t\t\t\t\t\t\t<h3 class=\"name\">Julian Reiter<\/h3>\n\t\t\t\t\t\t\t\t<div class=\"note\">Marketing<br \/>\r\nWebshop<\/div>\n\t\t\t\t\t\t\t<\/div>\n\t\t\t\t\t<\/div>\n\t<\/div>\n\t\t<div class=\"group\">\n\t\t<h2>Lager<\/h2>\n\t\t<div class=\"member_grid\">\n\t\t\t\t\t\t<div class=\"member\">\n\t\t\t\t\t\t\t\t<div class=\"image\"><img loading=\"lazy\" decoding=\"async\" width=\"440\" height=\"286\" src=\"https:\/\/www.intipa.com\/wp-content\/uploads\/2024\/01\/Mitarbieter_dummy_m.png\" class=\"attachment-440x440 size-440x440\" alt=\"\" srcset=\"https:\/\/www.intipa.com\/wp-content\/uploads\/2024\/01\/Mitarbieter_dummy_m.png 768w, https:\/\/www.intipa.com\/wp-content\/uploads\/2024\/01\/Mitarbieter_dummy_m-300x195.png 300w, https:\/\/www.intipa.com\/wp-content\/uploads\/2024\/01\/Mitarbieter_dummy_m-640x417.png 640w, https:\/\/www.intipa.com\/wp-content\/uploads\/2024\/01\/Mitarbieter_dummy_m-50x33.png 50w, https:\/\/www.intipa.com\/wp-content\/uploads\/2024\/01\/Mitarbieter_dummy_m-600x391.png 600w\" sizes=\"(max-width: 440px) 100vw, 440px\" \/><\/div>\n\t\t\t\t\t\t\t\t<h3 class=\"name\">Christian M\u00fcller<\/h3>\n\t\t\t\t\t\t\t\t<div class=\"note\">Projektleitung<br \/>\r\nLager-IT<\/div>\n\t\t\t\t\t\t\t<\/div>\n\t\t\t\t\t\t<div class=\"member\">\n\t\t\t\t\t\t\t\t<div class=\"image\"><img loading=\"lazy\" decoding=\"async\" width=\"440\" height=\"286\" src=\"https:\/\/www.intipa.com\/wp-content\/uploads\/2024\/01\/Intipa_Rene_Barth.jpg\" class=\"attachment-440x440 size-440x440\" alt=\"\" srcset=\"https:\/\/www.intipa.com\/wp-content\/uploads\/2024\/01\/Intipa_Rene_Barth.jpg 768w, https:\/\/www.intipa.com\/wp-content\/uploads\/2024\/01\/Intipa_Rene_Barth-300x195.jpg 300w, https:\/\/www.intipa.com\/wp-content\/uploads\/2024\/01\/Intipa_Rene_Barth-640x417.jpg 640w, https:\/\/www.intipa.com\/wp-content\/uploads\/2024\/01\/Intipa_Rene_Barth-50x33.jpg 50w, https:\/\/www.intipa.com\/wp-content\/uploads\/2024\/01\/Intipa_Rene_Barth-175x114.jpg 175w, https:\/\/www.intipa.com\/wp-content\/uploads\/2024\/01\/Intipa_Rene_Barth-600x391.jpg 600w\" sizes=\"(max-width: 440px) 100vw, 440px\" \/><\/div>\n\t\t\t\t\t\t\t\t<h3 class=\"name\">Ren\u00e9 Barth<\/h3>\n\t\t\t\t\t\t\t\t<div class=\"note\">Lagerleitung<\/div>\n\t\t\t\t\t\t\t<\/div>\n\t\t\t\t\t\t<div class=\"member\">\n\t\t\t\t\t\t\t\t<div class=\"image\"><img loading=\"lazy\" decoding=\"async\" width=\"440\" height=\"286\" src=\"https:\/\/www.intipa.com\/wp-content\/uploads\/2024\/01\/Mitarbieter_dummy_m.png\" class=\"attachment-440x440 size-440x440\" alt=\"\" srcset=\"https:\/\/www.intipa.com\/wp-content\/uploads\/2024\/01\/Mitarbieter_dummy_m.png 768w, https:\/\/www.intipa.com\/wp-content\/uploads\/2024\/01\/Mitarbieter_dummy_m-300x195.png 300w, https:\/\/www.intipa.com\/wp-content\/uploads\/2024\/01\/Mitarbieter_dummy_m-640x417.png 640w, https:\/\/www.intipa.com\/wp-content\/uploads\/2024\/01\/Mitarbieter_dummy_m-50x33.png 50w, https:\/\/www.intipa.com\/wp-content\/uploads\/2024\/01\/Mitarbieter_dummy_m-600x391.png 600w\" sizes=\"(max-width: 440px) 100vw, 440px\" \/><\/div>\n\t\t\t\t\t\t\t\t<h3 class=\"name\">Burim Jashari<\/h3>\n\t\t\t\t\t\t\t\t<div class=\"note\">Kommissionierung<\/div>\n\t\t\t\t\t\t\t<\/div>\n\t\t\t\t\t\t<div class=\"member\">\n\t\t\t\t\t\t\t\t<div class=\"image\"><img loading=\"lazy\" decoding=\"async\" width=\"440\" height=\"286\" src=\"https:\/\/www.intipa.com\/wp-content\/uploads\/2024\/07\/just-1.jpg\" class=\"attachment-440x440 size-440x440\" alt=\"\" srcset=\"https:\/\/www.intipa.com\/wp-content\/uploads\/2024\/07\/just-1.jpg 768w, https:\/\/www.intipa.com\/wp-content\/uploads\/2024\/07\/just-1-300x195.jpg 300w, https:\/\/www.intipa.com\/wp-content\/uploads\/2024\/07\/just-1-640x417.jpg 640w, https:\/\/www.intipa.com\/wp-content\/uploads\/2024\/07\/just-1-50x33.jpg 50w, https:\/\/www.intipa.com\/wp-content\/uploads\/2024\/07\/just-1-600x391.jpg 600w\" sizes=\"(max-width: 440px) 100vw, 440px\" \/><\/div>\n\t\t\t\t\t\t\t\t<h3 class=\"name\">J\u00fcrgen Just<\/h3>\n\t\t\t\t\t\t\t\t<div class=\"note\">Kommissionierung<\/div>\n\t\t\t\t\t\t\t<\/div>\n\t\t\t\t\t\t<div class=\"member\">\n\t\t\t\t\t\t\t\t<div class=\"image\"><img loading=\"lazy\" decoding=\"async\" width=\"440\" height=\"286\" src=\"https:\/\/www.intipa.com\/wp-content\/uploads\/2024\/07\/markus.jpg\" class=\"attachment-440x440 size-440x440\" alt=\"\" srcset=\"https:\/\/www.intipa.com\/wp-content\/uploads\/2024\/07\/markus.jpg 768w, https:\/\/www.intipa.com\/wp-content\/uploads\/2024\/07\/markus-300x195.jpg 300w, https:\/\/www.intipa.com\/wp-content\/uploads\/2024\/07\/markus-640x417.jpg 640w, https:\/\/www.intipa.com\/wp-content\/uploads\/2024\/07\/markus-50x33.jpg 50w, https:\/\/www.intipa.com\/wp-content\/uploads\/2024\/07\/markus-175x114.jpg 175w, https:\/\/www.intipa.com\/wp-content\/uploads\/2024\/07\/markus-600x391.jpg 600w\" sizes=\"(max-width: 440px) 100vw, 440px\" \/><\/div>\n\t\t\t\t\t\t\t\t<h3 class=\"name\">Markus K\u00f6der<\/h3>\n\t\t\t\t\t\t\t\t<div class=\"note\">Kommissionierung und Springer Fahrer<\/div>\n\t\t\t\t\t\t\t<\/div>\n\t\t\t\t\t\t<div class=\"member\">\n\t\t\t\t\t\t\t\t<div class=\"image\"><img loading=\"lazy\" decoding=\"async\" width=\"440\" height=\"286\" src=\"https:\/\/www.intipa.com\/wp-content\/uploads\/2026\/02\/mk.jpg\" class=\"attachment-440x440 size-440x440\" alt=\"\" srcset=\"https:\/\/www.intipa.com\/wp-content\/uploads\/2026\/02\/mk.jpg 768w, https:\/\/www.intipa.com\/wp-content\/uploads\/2026\/02\/mk-300x195.jpg 300w, https:\/\/www.intipa.com\/wp-content\/uploads\/2026\/02\/mk-640x417.jpg 640w, https:\/\/www.intipa.com\/wp-content\/uploads\/2026\/02\/mk-50x33.jpg 50w, https:\/\/www.intipa.com\/wp-content\/uploads\/2026\/02\/mk-175x114.jpg 175w, https:\/\/www.intipa.com\/wp-content\/uploads\/2026\/02\/mk-600x391.jpg 600w\" sizes=\"(max-width: 440px) 100vw, 440px\" \/><\/div>\n\t\t\t\t\t\t\t\t<h3 class=\"name\">Maximilian K\u00f6hler<\/h3>\n\t\t\t\t\t\t\t\t<div class=\"note\">Kommissionierung<\/div>\n\t\t\t\t\t\t\t<\/div>\n\t\t\t\t\t\t<div class=\"member\">\n\t\t\t\t\t\t\t\t<div class=\"image\"><img loading=\"lazy\" decoding=\"async\" width=\"440\" height=\"286\" src=\"https:\/\/www.intipa.com\/wp-content\/uploads\/2024\/01\/Mitarbieter_dummy_w.png\" class=\"attachment-440x440 size-440x440\" alt=\"\" srcset=\"https:\/\/www.intipa.com\/wp-content\/uploads\/2024\/01\/Mitarbieter_dummy_w.png 768w, https:\/\/www.intipa.com\/wp-content\/uploads\/2024\/01\/Mitarbieter_dummy_w-300x195.png 300w, https:\/\/www.intipa.com\/wp-content\/uploads\/2024\/01\/Mitarbieter_dummy_w-640x417.png 640w, https:\/\/www.intipa.com\/wp-content\/uploads\/2024\/01\/Mitarbieter_dummy_w-50x33.png 50w, https:\/\/www.intipa.com\/wp-content\/uploads\/2024\/01\/Mitarbieter_dummy_w-600x391.png 600w\" sizes=\"(max-width: 440px) 100vw, 440px\" \/><\/div>\n\t\t\t\t\t\t\t\t<h3 class=\"name\">Mihaela Laudis<\/h3>\n\t\t\t\t\t\t\t\t<div class=\"note\">Kommissionierung<\/div>\n\t\t\t\t\t\t\t<\/div>\n\t\t\t\t\t\t<div class=\"member\">\n\t\t\t\t\t\t\t\t<div class=\"image\"><img loading=\"lazy\" decoding=\"async\" width=\"440\" height=\"286\" src=\"https:\/\/www.intipa.com\/wp-content\/uploads\/2026\/02\/sab.jpg\" class=\"attachment-440x440 size-440x440\" alt=\"\" srcset=\"https:\/\/www.intipa.com\/wp-content\/uploads\/2026\/02\/sab.jpg 768w, https:\/\/www.intipa.com\/wp-content\/uploads\/2026\/02\/sab-300x195.jpg 300w, https:\/\/www.intipa.com\/wp-content\/uploads\/2026\/02\/sab-640x417.jpg 640w, https:\/\/www.intipa.com\/wp-content\/uploads\/2026\/02\/sab-50x33.jpg 50w, https:\/\/www.intipa.com\/wp-content\/uploads\/2026\/02\/sab-175x114.jpg 175w, https:\/\/www.intipa.com\/wp-content\/uploads\/2026\/02\/sab-600x391.jpg 600w\" sizes=\"(max-width: 440px) 100vw, 440px\" \/><\/div>\n\t\t\t\t\t\t\t\t<h3 class=\"name\">Sabine Pr\u00f6bstle<\/h3>\n\t\t\t\t\t\t\t\t<div class=\"note\">Kommissionierung<\/div>\n\t\t\t\t\t\t\t<\/div>\n\t\t\t\t\t\t<div class=\"member\">\n\t\t\t\t\t\t\t\t<div class=\"image\"><img loading=\"lazy\" decoding=\"async\" width=\"440\" height=\"286\" src=\"https:\/\/www.intipa.com\/wp-content\/uploads\/2024\/01\/Mitarbieter_dummy_m.png\" class=\"attachment-440x440 size-440x440\" alt=\"\" srcset=\"https:\/\/www.intipa.com\/wp-content\/uploads\/2024\/01\/Mitarbieter_dummy_m.png 768w, https:\/\/www.intipa.com\/wp-content\/uploads\/2024\/01\/Mitarbieter_dummy_m-300x195.png 300w, https:\/\/www.intipa.com\/wp-content\/uploads\/2024\/01\/Mitarbieter_dummy_m-640x417.png 640w, https:\/\/www.intipa.com\/wp-content\/uploads\/2024\/01\/Mitarbieter_dummy_m-50x33.png 50w, https:\/\/www.intipa.com\/wp-content\/uploads\/2024\/01\/Mitarbieter_dummy_m-600x391.png 600w\" sizes=\"(max-width: 440px) 100vw, 440px\" \/><\/div>\n\t\t\t\t\t\t\t\t<h3 class=\"name\">Tobias Schilling<\/h3>\n\t\t\t\t\t\t\t\t<div class=\"note\">Kommissionierung<\/div>\n\t\t\t\t\t\t\t<\/div>\n\t\t\t\t\t\t<div class=\"member\">\n\t\t\t\t\t\t\t\t<div class=\"image\"><img loading=\"lazy\" decoding=\"async\" width=\"440\" height=\"286\" src=\"https:\/\/www.intipa.com\/wp-content\/uploads\/2026\/02\/vis.jpg\" class=\"attachment-440x440 size-440x440\" alt=\"\" srcset=\"https:\/\/www.intipa.com\/wp-content\/uploads\/2026\/02\/vis.jpg 768w, https:\/\/www.intipa.com\/wp-content\/uploads\/2026\/02\/vis-300x195.jpg 300w, https:\/\/www.intipa.com\/wp-content\/uploads\/2026\/02\/vis-640x417.jpg 640w, https:\/\/www.intipa.com\/wp-content\/uploads\/2026\/02\/vis-50x33.jpg 50w, https:\/\/www.intipa.com\/wp-content\/uploads\/2026\/02\/vis-175x114.jpg 175w, https:\/\/www.intipa.com\/wp-content\/uploads\/2026\/02\/vis-600x391.jpg 600w\" sizes=\"(max-width: 440px) 100vw, 440px\" \/><\/div>\n\t\t\t\t\t\t\t\t<h3 class=\"name\">Visar Selmani<\/h3>\n\t\t\t\t\t\t\t\t<div class=\"note\">Kommissionierung<\/div>\n\t\t\t\t\t\t\t<\/div>\n\t\t\t\t\t\t<div class=\"member\">\n\t\t\t\t\t\t\t\t<div class=\"image\"><img loading=\"lazy\" decoding=\"async\" width=\"440\" height=\"286\" src=\"https:\/\/www.intipa.com\/wp-content\/uploads\/2024\/07\/intipa_Jenny_Zwetnitsch.jpg\" class=\"attachment-440x440 size-440x440\" alt=\"\" srcset=\"https:\/\/www.intipa.com\/wp-content\/uploads\/2024\/07\/intipa_Jenny_Zwetnitsch.jpg 768w, https:\/\/www.intipa.com\/wp-content\/uploads\/2024\/07\/intipa_Jenny_Zwetnitsch-300x195.jpg 300w, https:\/\/www.intipa.com\/wp-content\/uploads\/2024\/07\/intipa_Jenny_Zwetnitsch-640x417.jpg 640w, https:\/\/www.intipa.com\/wp-content\/uploads\/2024\/07\/intipa_Jenny_Zwetnitsch-50x33.jpg 50w, https:\/\/www.intipa.com\/wp-content\/uploads\/2024\/07\/intipa_Jenny_Zwetnitsch-175x114.jpg 175w, https:\/\/www.intipa.com\/wp-content\/uploads\/2024\/07\/intipa_Jenny_Zwetnitsch-600x391.jpg 600w\" sizes=\"(max-width: 440px) 100vw, 440px\" \/><\/div>\n\t\t\t\t\t\t\t\t<h3 class=\"name\">Jenny Zwetnitsch<\/h3>\n\t\t\t\t\t\t\t\t<div class=\"note\">Vorbereitung, Umpacken, Kommissionierung Versand<\/div>\n\t\t\t\t\t\t\t<\/div>\n\t\t\t\t\t<\/div>\n\t<\/div>\n\t\t<div class=\"group\">\n\t\t<h2>Fahrer<\/h2>\n\t\t<div class=\"member_grid\">\n\t\t\t\t\t\t<div class=\"member\">\n\t\t\t\t\t\t\t\t<div class=\"image\"><img loading=\"lazy\" decoding=\"async\" width=\"440\" height=\"286\" src=\"https:\/\/www.intipa.com\/wp-content\/uploads\/2024\/01\/pfau.jpg\" class=\"attachment-440x440 size-440x440\" alt=\"\" srcset=\"https:\/\/www.intipa.com\/wp-content\/uploads\/2024\/01\/pfau.jpg 768w, https:\/\/www.intipa.com\/wp-content\/uploads\/2024\/01\/pfau-300x195.jpg 300w, https:\/\/www.intipa.com\/wp-content\/uploads\/2024\/01\/pfau-640x417.jpg 640w, https:\/\/www.intipa.com\/wp-content\/uploads\/2024\/01\/pfau-50x33.jpg 50w, https:\/\/www.intipa.com\/wp-content\/uploads\/2024\/01\/pfau-600x391.jpg 600w\" sizes=\"(max-width: 440px) 100vw, 440px\" \/><\/div>\n\t\t\t\t\t\t\t\t<h3 class=\"name\">Roland Pfau<\/h3>\n\t\t\t\t\t\t\t\t<div class=\"note\">ILL-IT 77<br \/>\r\n+49 157 92388407<br \/>\r\nTouren: 6 (Berlin) - 9 (\u00d6sterreich) - 20 (Ungarn)<\/div>\n\t\t\t\t\t\t\t<\/div>\n\t\t\t\t\t\t<div class=\"member\">\n\t\t\t\t\t\t\t\t<div class=\"image\"><img loading=\"lazy\" decoding=\"async\" width=\"440\" height=\"286\" src=\"https:\/\/www.intipa.com\/wp-content\/uploads\/2024\/01\/rudi-1.jpg\" class=\"attachment-440x440 size-440x440\" alt=\"\" srcset=\"https:\/\/www.intipa.com\/wp-content\/uploads\/2024\/01\/rudi-1.jpg 768w, https:\/\/www.intipa.com\/wp-content\/uploads\/2024\/01\/rudi-1-300x195.jpg 300w, https:\/\/www.intipa.com\/wp-content\/uploads\/2024\/01\/rudi-1-640x417.jpg 640w, https:\/\/www.intipa.com\/wp-content\/uploads\/2024\/01\/rudi-1-50x33.jpg 50w, https:\/\/www.intipa.com\/wp-content\/uploads\/2024\/01\/rudi-1-175x114.jpg 175w, https:\/\/www.intipa.com\/wp-content\/uploads\/2024\/01\/rudi-1-600x391.jpg 600w\" sizes=\"(max-width: 440px) 100vw, 440px\" \/><\/div>\n\t\t\t\t\t\t\t\t<h3 class=\"name\">Rudi Laznik<\/h3>\n\t\t\t\t\t\t\t\t<div class=\"note\">ILL-IT 44<br \/>\r\n+49 157 92388405<br \/>\r\nTouren: 5 (Tschechien) - 8 (Berlin) - 11 (Main\/Eiffel)<\/div>\n\t\t\t\t\t\t\t<\/div>\n\t\t\t\t\t\t<div class=\"member\">\n\t\t\t\t\t\t\t\t<div class=\"image\"><img loading=\"lazy\" decoding=\"async\" width=\"440\" height=\"286\" src=\"https:\/\/www.intipa.com\/wp-content\/uploads\/2024\/01\/robert-1.jpg\" class=\"attachment-440x440 size-440x440\" alt=\"\" srcset=\"https:\/\/www.intipa.com\/wp-content\/uploads\/2024\/01\/robert-1.jpg 768w, https:\/\/www.intipa.com\/wp-content\/uploads\/2024\/01\/robert-1-300x195.jpg 300w, https:\/\/www.intipa.com\/wp-content\/uploads\/2024\/01\/robert-1-640x417.jpg 640w, https:\/\/www.intipa.com\/wp-content\/uploads\/2024\/01\/robert-1-50x33.jpg 50w, https:\/\/www.intipa.com\/wp-content\/uploads\/2024\/01\/robert-1-175x114.jpg 175w, https:\/\/www.intipa.com\/wp-content\/uploads\/2024\/01\/robert-1-600x391.jpg 600w\" sizes=\"(max-width: 440px) 100vw, 440px\" \/><\/div>\n\t\t\t\t\t\t\t\t<h3 class=\"name\">Robert Teske<\/h3>\n\t\t\t\t\t\t\t\t<div class=\"note\">ILL-IT 88<br \/>\r\n+49 157 92388408<br \/>\r\nTouren: 1 (Schwarzwald) - 3 (Berlin) - 4 (K\u00f6ln)<\/div>\n\t\t\t\t\t\t\t<\/div>\n\t\t\t\t\t<\/div>\n\t<\/div>\n\t<\/div>\n","protected":false},"excerpt":{"rendered":"<p>Team Das intipa Team besteht aus begeisterten Mitarbeitern, die mit Leidenschaft f\u00fcr Tiere und langj\u00e4hrigem Know-How vor und hinter den Kulissen f\u00fcr Sie bereitstehen.<\/p>\n","protected":false},"author":1,"featured_media":0,"parent":275,"menu_order":1,"comment_status":"closed","ping_status":"closed","template":"","meta":{"_acf_changed":false,"footnotes":""},"class_list":["post-279","page","type-page","status-publish","hentry"],"acf":[],"_links":{"self":[{"href":"https:\/\/www.intipa.com\/en\/wp-json\/wp\/v2\/pages\/279","targetHints":{"allow":["GET"]}}],"collection":[{"href":"https:\/\/www.intipa.com\/en\/wp-json\/wp\/v2\/pages"}],"about":[{"href":"https:\/\/www.intipa.com\/en\/wp-json\/wp\/v2\/types\/page"}],"author":[{"embeddable":true,"href":"https:\/\/www.intipa.com\/en\/wp-json\/wp\/v2\/users\/1"}],"replies":[{"embeddable":true,"href":"https:\/\/www.intipa.com\/en\/wp-json\/wp\/v2\/comments?post=279"}],"version-history":[{"count":0,"href":"https:\/\/www.intipa.com\/en\/wp-json\/wp\/v2\/pages\/279\/revisions"}],"up":[{"embeddable":true,"href":"https:\/\/www.intipa.com\/en\/wp-json\/wp\/v2\/pages\/275"}],"wp:attachment":[{"href":"https:\/\/www.intipa.com\/en\/wp-json\/wp\/v2\/media?parent=279"}],"curies":[{"name":"wp","href":"https:\/\/api.w.org\/{rel}","templated":true}]}}