{"id":277,"date":"2023-10-24T14:23:03","date_gmt":"2023-10-24T12:23:03","guid":{"rendered":"https:\/\/www.intipa.com\/unternehmen\/ueber-uns\/"},"modified":"2026-03-16T13:18:06","modified_gmt":"2026-03-16T12:18:06","slug":"ueber-uns","status":"publish","type":"page","link":"https:\/\/www.intipa.com\/en\/unternehmen\/ueber-uns\/","title":{"rendered":"\u00dcber uns"},"content":{"rendered":"\n<h1 class=\"wp-block-heading\" id=\"uber-uns\">\u00dcBER UNS<\/h1>\n\n\n\n<figure class=\"wp-block-image size-large ghostkit-custom-ZpUK11\"><img fetchpriority=\"high\" decoding=\"async\" width=\"1024\" height=\"294\" src=\"https:\/\/www.intipa.com\/wp-content\/uploads\/2024\/02\/23_header_ueberuns-1024x294.png\" alt=\"\" class=\"wp-image-1626\" srcset=\"https:\/\/www.intipa.com\/wp-content\/uploads\/2024\/02\/23_header_ueberuns-1024x294.png 1024w, https:\/\/www.intipa.com\/wp-content\/uploads\/2024\/02\/23_header_ueberuns-300x86.png 300w, https:\/\/www.intipa.com\/wp-content\/uploads\/2024\/02\/23_header_ueberuns-768x220.png 768w, https:\/\/www.intipa.com\/wp-content\/uploads\/2024\/02\/23_header_ueberuns-640x184.png 640w, https:\/\/www.intipa.com\/wp-content\/uploads\/2024\/02\/23_header_ueberuns-50x14.png 50w, https:\/\/www.intipa.com\/wp-content\/uploads\/2024\/02\/23_header_ueberuns.png 1398w\" sizes=\"(max-width: 1024px) 100vw, 1024px\" \/><\/figure>\n\n\n\n<p>Zum 01.01.2022 wurde die Michael Hassel GmbH \u00fcbernommen. Der Firmengr\u00fcnder Michael Hassel schied altersbedingt aus. Er hat sich in den wohlverdienten Ruhestand zur\u00fcckgezogen.<\/p>\n\n\n\n<p>Wie auch schon bei Michael Hassel gelebt, legt auch das intipa-Team um den neuen Gesch\u00e4ftsf\u00fchrer Thomas Ludwig gro\u00dfen Wert auf langfristige Kundenbeziehungen und ein wertsch\u00e4tzendes Miteinander \u2013 nicht nur teamintern sondern auch mit unseren Kunden! Wir haben immer ein offenes Ohr und beraten Dich in allen Fragen rund ums Futter gerne auch pers\u00f6nlich!<\/p>\n\n\n\n<h2 class=\"wp-block-heading has-color-intipa-red-color has-text-color has-link-color wp-elements-acb2c689436690f0452480d61bcd2b80\" id=\"als-internationale-tierparkversorgung-beliefern-wir-zoos-greifvogelwarten-wild-und-vogelparks-in-ganz-europa-und-manchmal-auch-nach-ubersee\"><strong>ALS INTERNATIONALE TIERPARKVERSORGUNG BELIEFERN WIR ZOOS, GREIFVOGELWARTEN, WILD- UND VOGELPARKS IN GANZ EUROPA  - UND MANCHMAL AUCH NACH \u00dcBERSEE!<\/strong><\/h2>\n\n\n\n<p>Wir bieten Dir ein Sortiment an Futtermitteln, das alle Bereiche und Tierarten umfasst, die in Zoos und Tierparks, aber auch bei unz\u00e4hligen Privatkunden, Greifvogelanlagen, Vergn\u00fcgungsparks und Aquarien beheimatet sind.<\/p>\n\n\n\n<h2 class=\"wp-block-heading\" id=\"frostfutter\">FROSTFUTTER<\/h2>\n\n\n\n<p>Unsere Frostratten und -m\u00e4use werden unter anderem auf einer in Freundschaft verbundenen Farm in Polen herangezogen und von ca. 35 Mitarbeitern h\u00e4ndisch sortiert. Dass diese Farm permanent vom dortigen Veterin\u00e4ramt kontrolliert wird, versteht sich von selbst. <\/p>\n\n\n\n<p>Weitere Frostfuttertiere sowie viele verschiedene Fleischsorten in bester Futterqualit\u00e4t, S\u00fc\u00df- und Salzwasserfische sogar in Lebensmittelqualit\u00e4t, beziehen wir von unseren langj\u00e4hrigen Lieferanten aus ganz Europa.<\/p>\n\n\n\n<h2 class=\"wp-block-heading\" id=\"trockenfutter\">TROCKENFUTTER<\/h2>\n\n\n\n<p>Unsere eigene Trockenfutterlinie \u201eWildlife\u201c wurde in Zusammenarbeit mit verschiedenen, international t\u00e4tigen Spezialisten f\u00fcr tierische Ern\u00e4hrung konzipiert. Dieses Futter bietet auf der Basis von Getreide \u2013 und nicht Gras \u2013 hochwertigste, speziell auf die Bed\u00fcrfnisse der jeweiligen Tierart abgestimmte Inhaltsstoffe. Dar\u00fcber hinaus erh\u00e4lst Du bei uns auch namhaftes Trockenfutter anderer Hersteller \u2013 so dass eine unkomplizierte Belieferung zur Abdeckung aller tierischen Bed\u00fcrfnisse aus einer Hand gew\u00e4hrleistet werden kann. Spezialfutter, Futtermittelzus\u00e4tze u.v.m.<br><br>Eine\u00a0komplette \u00dcbersicht unseres Sortiments findest Du hier in unserer\u00a0<a href=\"https:\/\/www.intipa.com\/wp-content\/uploads\/2024\/03\/Artikelliste_intipaGmbH_Mrz2024.pdf\" target=\"_blank\" rel=\"noreferrer noopener\">Artikelliste<\/a> und in unserem Shop.<\/p>\n\n\n\n<div class=\"ghostkit-divider ghostkit-divider-type-solid ghostkit-custom-XB06F\"><\/div>\n\n\n\n<p><span class=\"ghostkit-text-uppercase\"><strong>Unsere Mitgliedschaften, um stets am Puls der Zeit zu sein:<\/strong><\/span><\/p>\n\n\n\n<div class=\"wp-block-columns is-layout-flex wp-container-core-columns-is-layout-9d6595d7 wp-block-columns-is-layout-flex\">\n<div class=\"wp-block-column is-layout-flow wp-block-column-is-layout-flow\" style=\"flex-basis:100%\"><div class=\"wp-block-image\">\n<figure class=\"alignleft size-full is-resized\"><img decoding=\"async\" width=\"527\" height=\"488\" src=\"https:\/\/www.intipa.com\/wp-content\/uploads\/2024\/05\/EAZA_Logo.png\" alt=\"\" class=\"wp-image-1946\" style=\"width:100px;height:auto\" srcset=\"https:\/\/www.intipa.com\/wp-content\/uploads\/2024\/05\/EAZA_Logo.png 527w, https:\/\/www.intipa.com\/wp-content\/uploads\/2024\/05\/EAZA_Logo-300x278.png 300w, https:\/\/www.intipa.com\/wp-content\/uploads\/2024\/05\/EAZA_Logo-50x46.png 50w\" sizes=\"(max-width: 527px) 100vw, 527px\" \/><\/figure><\/div>\n\n<div class=\"wp-block-image\">\n<figure class=\"alignleft size-large is-resized\"><img decoding=\"async\" width=\"1024\" height=\"370\" src=\"https:\/\/www.intipa.com\/wp-content\/uploads\/2024\/04\/Logo_Club_Industrie_vector_black_ohne_unterschrift-1-1024x370.png\" alt=\"\" class=\"wp-image-1907\" style=\"width:257px;height:auto\" srcset=\"https:\/\/www.intipa.com\/wp-content\/uploads\/2024\/04\/Logo_Club_Industrie_vector_black_ohne_unterschrift-1-1024x370.png 1024w, https:\/\/www.intipa.com\/wp-content\/uploads\/2024\/04\/Logo_Club_Industrie_vector_black_ohne_unterschrift-1-300x108.png 300w, https:\/\/www.intipa.com\/wp-content\/uploads\/2024\/04\/Logo_Club_Industrie_vector_black_ohne_unterschrift-1-768x277.png 768w, https:\/\/www.intipa.com\/wp-content\/uploads\/2024\/04\/Logo_Club_Industrie_vector_black_ohne_unterschrift-1-640x231.png 640w, https:\/\/www.intipa.com\/wp-content\/uploads\/2024\/04\/Logo_Club_Industrie_vector_black_ohne_unterschrift-1-50x18.png 50w, https:\/\/www.intipa.com\/wp-content\/uploads\/2024\/04\/Logo_Club_Industrie_vector_black_ohne_unterschrift-1-600x217.png 600w, https:\/\/www.intipa.com\/wp-content\/uploads\/2024\/04\/Logo_Club_Industrie_vector_black_ohne_unterschrift-1.png 1080w\" sizes=\"(max-width: 1024px) 100vw, 1024px\" \/><\/figure><\/div>\n\n<div class=\"wp-block-image is-style-default\">\n<figure class=\"alignleft size-large is-resized\"><a href=\"https:\/\/www.vdkl.de\"><img loading=\"lazy\" decoding=\"async\" width=\"125\" height=\"116\" src=\"https:\/\/www.intipa.com\/wp-content\/uploads\/2024\/04\/VDKL_Logo-2.svg\" alt=\"\" class=\"wp-image-1909\" style=\"width:100px;height:auto\"\/><\/a><\/figure><\/div><\/div>\n<\/div>\n","protected":false},"excerpt":{"rendered":"<p>\u00dcBER UNS Zum 01.01.2022 wurde die Michael Hassel GmbH \u00fcbernommen. Der Firmengr\u00fcnder Michael Hassel schied altersbedingt aus. Er hat sich in den wohlverdienten Ruhestand zur\u00fcckgezogen. Wie auch schon bei Michael Hassel gelebt, legt auch das intipa-Team um den neuen Gesch\u00e4ftsf\u00fchrer Thomas Ludwig gro\u00dfen Wert auf langfristige Kundenbeziehungen und ein wertsch\u00e4tzendes Miteinander \u2013 nicht nur teamintern [&hellip;]<\/p>\n","protected":false},"author":1,"featured_media":0,"parent":275,"menu_order":0,"comment_status":"closed","ping_status":"closed","template":"","meta":{"_acf_changed":false,"footnotes":""},"class_list":["post-277","page","type-page","status-publish","hentry"],"acf":[],"_links":{"self":[{"href":"https:\/\/www.intipa.com\/en\/wp-json\/wp\/v2\/pages\/277","targetHints":{"allow":["GET"]}}],"collection":[{"href":"https:\/\/www.intipa.com\/en\/wp-json\/wp\/v2\/pages"}],"about":[{"href":"https:\/\/www.intipa.com\/en\/wp-json\/wp\/v2\/types\/page"}],"author":[{"embeddable":true,"href":"https:\/\/www.intipa.com\/en\/wp-json\/wp\/v2\/users\/1"}],"replies":[{"embeddable":true,"href":"https:\/\/www.intipa.com\/en\/wp-json\/wp\/v2\/comments?post=277"}],"version-history":[{"count":1,"href":"https:\/\/www.intipa.com\/en\/wp-json\/wp\/v2\/pages\/277\/revisions"}],"predecessor-version":[{"id":8571,"href":"https:\/\/www.intipa.com\/en\/wp-json\/wp\/v2\/pages\/277\/revisions\/8571"}],"up":[{"embeddable":true,"href":"https:\/\/www.intipa.com\/en\/wp-json\/wp\/v2\/pages\/275"}],"wp:attachment":[{"href":"https:\/\/www.intipa.com\/en\/wp-json\/wp\/v2\/media?parent=277"}],"curies":[{"name":"wp","href":"https:\/\/api.w.org\/{rel}","templated":true}]}}