{"id":1274,"date":"2024-01-05T07:50:41","date_gmt":"2024-01-05T06:50:41","guid":{"rendered":"https:\/\/www.intipa.com\/?page_id=1274"},"modified":"2026-04-10T12:27:43","modified_gmt":"2026-04-10T10:27:43","slug":"vorteile","status":"publish","type":"page","link":"https:\/\/www.intipa.com\/en\/unternehmen\/vorteile\/","title":{"rendered":"Vorteile"},"content":{"rendered":"\n<h2 class=\"wp-block-heading intipa_plus\" id=\"wie-bieten-viele-vorteile\">Wir bieten viele Vorteile<\/h2>\n\n\n\n<figure class=\"wp-block-image size-large ghostkit-custom-2toywX\"><img fetchpriority=\"high\" decoding=\"async\" width=\"1024\" height=\"294\" src=\"https:\/\/www.intipa.com\/wp-content\/uploads\/2024\/02\/23_header_vorteile-1024x294.png\" alt=\"\" class=\"wp-image-1612\" srcset=\"https:\/\/www.intipa.com\/wp-content\/uploads\/2024\/02\/23_header_vorteile-1024x294.png 1024w, https:\/\/www.intipa.com\/wp-content\/uploads\/2024\/02\/23_header_vorteile-300x86.png 300w, https:\/\/www.intipa.com\/wp-content\/uploads\/2024\/02\/23_header_vorteile-768x220.png 768w, https:\/\/www.intipa.com\/wp-content\/uploads\/2024\/02\/23_header_vorteile-640x184.png 640w, https:\/\/www.intipa.com\/wp-content\/uploads\/2024\/02\/23_header_vorteile-50x14.png 50w, https:\/\/www.intipa.com\/wp-content\/uploads\/2024\/02\/23_header_vorteile.png 1398w\" sizes=\"(max-width: 1024px) 100vw, 1024px\" \/><\/figure>\n\n\n\n<p>Wir legen Wert darauf, dass unsere Kunden zufrieden sind und uns vertrauen, dass die Tiere bestens versorgt sind. Deine Tiere sind uns wichtig. Das verbinden wir mit wichtigen Vorteilen f\u00fcr Dich bei der Futterbeschaffung.<\/p>\n\n\n\n<div style=\"height:30px\" aria-hidden=\"true\" class=\"wp-block-spacer\"><\/div>\n\n\n\n<div class=\"intipa_foldingblock_handler intipa_foldingblock_icon\">\n\t<div class=\"head\">\n\t\t\n\t\t\t\t\t<div class=\"image_wrap\">\n\t\t\t\t<img decoding=\"async\" width=\"320\" height=\"320\" src=\"https:\/\/www.intipa.com\/wp-content\/uploads\/2024\/02\/badge.svg\" class=\"attachment-320x320 size-320x320\" alt=\"\" srcset=\"https:\/\/www.intipa.com\/wp-content\/uploads\/2024\/02\/badge.svg 150w, https:\/\/www.intipa.com\/wp-content\/uploads\/2024\/02\/badge.svg 300w, https:\/\/www.intipa.com\/wp-content\/uploads\/2024\/02\/badge.svg 1024w, https:\/\/www.intipa.com\/wp-content\/uploads\/2024\/02\/badge.svg 1536w, https:\/\/www.intipa.com\/wp-content\/uploads\/2024\/02\/badge.svg 2048w, https:\/\/www.intipa.com\/wp-content\/uploads\/2024\/02\/badge.svg 640w, https:\/\/www.intipa.com\/wp-content\/uploads\/2024\/02\/badge.svg 50w\" sizes=\"(max-width: 320px) 100vw, 320px\" \/>\t\t\t<\/div>\n\t\t\t\t\n\t\t<span class=\"title\">\n\t\t\tGleichbleibende Qualit\u00e4t\t\t<\/span>\n\t\t\n\t<\/div>\n\t<div class=\"folding_content\">\n\t\t<div class=\"inner\">\n\t\t\t<div class=\"acf-innerblocks-container\">\n\n<p>Deine Tiere sind uns wichtig. Deshalb ist es f\u00fcr uns selbstverst\u00e4ndlich, Dir stets gleichbleibende Qualit\u00e4t zu liefern. Wir m\u00f6chten nicht nur Dein zuverl\u00e4ssiger Partner sein, sondern Dir auch versichern, dass Du uns dahingehend vertrauen kannst, dass wir Deine Tiere stets mit bestem Futter versorgen. Dazu geh\u00f6rt auch die durchg\u00e4ngige K\u00fchlung der Ware! Dies pr\u00fcfen wir bereits beim Wareneingang und kommissionieren die Ware in der K\u00fchlhalle. Der Transport zu Dir erfolgt mit unserem eigenen Fuhrpark. Dadurch k\u00f6nnen wir eine durchgehende K\u00fchlkette garantieren.<\/p>\n\n\n\n<p>K\u00fcken, Ratten und M\u00e4use unterliegen strengen Kontrollen seitens der Veterin\u00e4r\u00e4mter. F\u00fcr Dich liegen entsprechende Gesundheitszeugnisse vor.<\/p>\n\n<\/div>\n\t\t<\/div>\n\t<\/div>\n<\/div>\n\n\n\n<div class=\"intipa_foldingblock_handler intipa_foldingblock_icon\">\n\t<div class=\"head\">\n\t\t\n\t\t\t\t\t<div class=\"image_wrap\">\n\t\t\t\t<img decoding=\"async\" width=\"320\" height=\"320\" src=\"https:\/\/www.intipa.com\/wp-content\/uploads\/2024\/02\/badge_lagerbestand-1.svg\" class=\"attachment-320x320 size-320x320\" alt=\"\" srcset=\"https:\/\/www.intipa.com\/wp-content\/uploads\/2024\/02\/badge_lagerbestand-1.svg 150w, https:\/\/www.intipa.com\/wp-content\/uploads\/2024\/02\/badge_lagerbestand-1.svg 300w, https:\/\/www.intipa.com\/wp-content\/uploads\/2024\/02\/badge_lagerbestand-1.svg 1024w, https:\/\/www.intipa.com\/wp-content\/uploads\/2024\/02\/badge_lagerbestand-1.svg 1536w, https:\/\/www.intipa.com\/wp-content\/uploads\/2024\/02\/badge_lagerbestand-1.svg 2048w, https:\/\/www.intipa.com\/wp-content\/uploads\/2024\/02\/badge_lagerbestand-1.svg 640w, https:\/\/www.intipa.com\/wp-content\/uploads\/2024\/02\/badge_lagerbestand-1.svg 50w, https:\/\/www.intipa.com\/wp-content\/uploads\/2024\/02\/badge_lagerbestand-1.svg 45w\" sizes=\"(max-width: 320px) 100vw, 320px\" \/>\t\t\t<\/div>\n\t\t\t\t\n\t\t<span class=\"title\">\n\t\t\tUmfangreicher Lagerbestand\t\t<\/span>\n\t\t\n\t<\/div>\n\t<div class=\"folding_content\">\n\t\t<div class=\"inner\">\n\t\t\t<div class=\"acf-innerblocks-container\">\n\n<p>Wir haben stets gro\u00dfe Mengen\/einen gro\u00dfen Vorrat an Futtertieren, Fleisch, Fisch und Trockenfutter auf Lager. Somit k\u00f6nnen wir Dich mit bedarfsgerechten Mengen versorgen, die Du f\u00fcr Deine Tiere ben\u00f6tigst.<\/p>\n\n\n\n<p>Du musst keine gro\u00dfen Mengen einkaufen, um g\u00fcnstige Konditionen und Lieferbedingungen zu erhalten. Au\u00dferdem ben\u00f6tigst Du kein riesiges K\u00fchlhaus um gro\u00dfe Futtermengen bei -18\u00b0 C korrekt zu lagern.<\/p>\n\n\n\n<p><\/p>\n\n<\/div>\n\t\t<\/div>\n\t<\/div>\n<\/div>\n\n\n\n<div class=\"intipa_foldingblock_handler intipa_foldingblock_icon\">\n\t<div class=\"head\">\n\t\t\n\t\t\t\t\t<div class=\"image_wrap\">\n\t\t\t\t<img loading=\"lazy\" decoding=\"async\" width=\"320\" height=\"320\" src=\"https:\/\/www.intipa.com\/wp-content\/uploads\/2024\/02\/badge_lieferung.svg\" class=\"attachment-320x320 size-320x320\" alt=\"\" srcset=\"https:\/\/www.intipa.com\/wp-content\/uploads\/2024\/02\/badge_lieferung.svg 150w, https:\/\/www.intipa.com\/wp-content\/uploads\/2024\/02\/badge_lieferung.svg 300w, https:\/\/www.intipa.com\/wp-content\/uploads\/2024\/02\/badge_lieferung.svg 1024w, https:\/\/www.intipa.com\/wp-content\/uploads\/2024\/02\/badge_lieferung.svg 1536w, https:\/\/www.intipa.com\/wp-content\/uploads\/2024\/02\/badge_lieferung.svg 2048w, https:\/\/www.intipa.com\/wp-content\/uploads\/2024\/02\/badge_lieferung.svg 640w, https:\/\/www.intipa.com\/wp-content\/uploads\/2024\/02\/badge_lieferung.svg 50w, https:\/\/www.intipa.com\/wp-content\/uploads\/2024\/02\/badge_lieferung.svg 45w\" sizes=\"(max-width: 320px) 100vw, 320px\" \/>\t\t\t<\/div>\n\t\t\t\t\n\t\t<span class=\"title\">\n\t\t\tLieferung nach Plan - Das Ganze Jahr\t\t<\/span>\n\t\t\n\t<\/div>\n\t<div class=\"folding_content\">\n\t\t<div class=\"inner\">\n\t\t\t<div class=\"acf-innerblocks-container\">\n\n<p>Unser riesiges Sortiment umfasst Futtermittel von A wie Artemis bis Z wie Zebrapellets. Nach umfangreich konzipierten Tourenpl\u00e4nen liefern wir die Ware mit vier eigenen LKWs zu unseren Kunden: durchgehend von Montag bis Freitag, im 4-w\u00f6chentlichen Rhythmus und in ganz Europa.<\/p>\n\n\n\n<p><a href=\"https:\/\/www.intipa.com\/lieferung\/\">Unsere Tourenpl\u00e4ne stehen Dir hier zur Verf\u00fcgung. <\/a><\/p>\n\n<\/div>\n\t\t<\/div>\n\t<\/div>\n<\/div>\n\n\n\n<div class=\"intipa_foldingblock_handler intipa_foldingblock_icon\">\n\t<div class=\"head\">\n\t\t\n\t\t\t\t\t<div class=\"image_wrap\">\n\t\t\t\t<img loading=\"lazy\" decoding=\"async\" width=\"320\" height=\"320\" src=\"https:\/\/www.intipa.com\/wp-content\/uploads\/2024\/02\/badge_lieferung_mtl.svg\" class=\"attachment-320x320 size-320x320\" alt=\"\" srcset=\"https:\/\/www.intipa.com\/wp-content\/uploads\/2024\/02\/badge_lieferung_mtl.svg 150w, https:\/\/www.intipa.com\/wp-content\/uploads\/2024\/02\/badge_lieferung_mtl.svg 300w, https:\/\/www.intipa.com\/wp-content\/uploads\/2024\/02\/badge_lieferung_mtl.svg 1024w, https:\/\/www.intipa.com\/wp-content\/uploads\/2024\/02\/badge_lieferung_mtl.svg 1536w, https:\/\/www.intipa.com\/wp-content\/uploads\/2024\/02\/badge_lieferung_mtl.svg 2048w, https:\/\/www.intipa.com\/wp-content\/uploads\/2024\/02\/badge_lieferung_mtl.svg 640w, https:\/\/www.intipa.com\/wp-content\/uploads\/2024\/02\/badge_lieferung_mtl.svg 50w, https:\/\/www.intipa.com\/wp-content\/uploads\/2024\/02\/badge_lieferung_mtl.svg 46w\" sizes=\"(max-width: 320px) 100vw, 320px\" \/>\t\t\t<\/div>\n\t\t\t\t\n\t\t<span class=\"title\">\n\t\t\tMonatliche Lieferung garantiert\t\t<\/span>\n\t\t\n\t<\/div>\n\t<div class=\"folding_content\">\n\t\t<div class=\"inner\">\n\t\t\t<div class=\"acf-innerblocks-container\">\n\n<p>Durch unseren ausgekl\u00fcgelten, \u00fcber Jahre gewachsenen Tourenplan weisst du ein Jahr im Voraus, wann wir zu Dir kommen. Unsere Fahrer kontaktieren Dich rechtzeitig telefonisch und vereinbaren mit Dir die Anlieferung - so ist die Einhaltung der K\u00fchlkette sichergestellt.<\/p>\n\n\n\n<p>Wenn Du es w\u00fcnschst und Dein Bedarf jeden Monat gleich ist, kannst Du ein \"Abo\" hinterlegen und wir liefern automatisch, ohne dass Du an die Bestellung denken musst.<\/p>\n\n<\/div>\n\t\t<\/div>\n\t<\/div>\n<\/div>\n\n\n\n<div class=\"intipa_foldingblock_handler intipa_foldingblock_icon\">\n\t<div class=\"head\">\n\t\t\n\t\t\t\t\t<div class=\"image_wrap\">\n\t\t\t\t<img loading=\"lazy\" decoding=\"async\" width=\"320\" height=\"320\" src=\"https:\/\/www.intipa.com\/wp-content\/uploads\/2024\/02\/badge_kalkulierbar.svg\" class=\"attachment-320x320 size-320x320\" alt=\"\" srcset=\"https:\/\/www.intipa.com\/wp-content\/uploads\/2024\/02\/badge_kalkulierbar.svg 150w, https:\/\/www.intipa.com\/wp-content\/uploads\/2024\/02\/badge_kalkulierbar.svg 300w, https:\/\/www.intipa.com\/wp-content\/uploads\/2024\/02\/badge_kalkulierbar.svg 1024w, https:\/\/www.intipa.com\/wp-content\/uploads\/2024\/02\/badge_kalkulierbar.svg 1536w, https:\/\/www.intipa.com\/wp-content\/uploads\/2024\/02\/badge_kalkulierbar.svg 2048w, https:\/\/www.intipa.com\/wp-content\/uploads\/2024\/02\/badge_kalkulierbar.svg 640w, https:\/\/www.intipa.com\/wp-content\/uploads\/2024\/02\/badge_kalkulierbar.svg 50w, https:\/\/www.intipa.com\/wp-content\/uploads\/2024\/02\/badge_kalkulierbar.svg 45w\" sizes=\"(max-width: 320px) 100vw, 320px\" \/>\t\t\t<\/div>\n\t\t\t\t\n\t\t<span class=\"title\">\n\t\t\tKalkulierbar\t\t<\/span>\n\t\t\n\t<\/div>\n\t<div class=\"folding_content\">\n\t\t<div class=\"inner\">\n\t\t\t<div class=\"acf-innerblocks-container\">\n\n<p>Unsere Touren sind ein Jahr im Voraus geplant. Somit musst Du lediglich den Futterbedarf f\u00fcr 4 Wochen berechnen und ordern. Daran erinnern wir Dich gerne rechtzeitig per E-Mail. Und sollte auch dies mal im Alltag untergehen, ruft unser Service-Team bei Dir an, damit Du jederzeit ausreichend mit Futter best\u00fcckt bist.<\/p>\n\n\n\n<p>Unsere Staffelpreise orientieren sich an der Gesamtmenge pro Bestellung. So ist f\u00fcr Dich jederzeit nachvollziehbar, welchen Preis du bezahlst.<\/p>\n\n<\/div>\n\t\t<\/div>\n\t<\/div>\n<\/div>\n\n\n\n<div class=\"intipa_foldingblock_handler intipa_foldingblock_icon\">\n\t<div class=\"head\">\n\t\t\n\t\t\t\t\t<div class=\"image_wrap\">\n\t\t\t\t<img loading=\"lazy\" decoding=\"async\" width=\"320\" height=\"320\" src=\"https:\/\/www.intipa.com\/wp-content\/uploads\/2024\/02\/bade_aboservice.svg\" class=\"attachment-320x320 size-320x320\" alt=\"\" srcset=\"https:\/\/www.intipa.com\/wp-content\/uploads\/2024\/02\/bade_aboservice.svg 150w, https:\/\/www.intipa.com\/wp-content\/uploads\/2024\/02\/bade_aboservice.svg 300w, https:\/\/www.intipa.com\/wp-content\/uploads\/2024\/02\/bade_aboservice.svg 1024w, https:\/\/www.intipa.com\/wp-content\/uploads\/2024\/02\/bade_aboservice.svg 1536w, https:\/\/www.intipa.com\/wp-content\/uploads\/2024\/02\/bade_aboservice.svg 2048w, https:\/\/www.intipa.com\/wp-content\/uploads\/2024\/02\/bade_aboservice.svg 640w, https:\/\/www.intipa.com\/wp-content\/uploads\/2024\/02\/bade_aboservice.svg 50w, https:\/\/www.intipa.com\/wp-content\/uploads\/2024\/02\/bade_aboservice.svg 46w\" sizes=\"(max-width: 320px) 100vw, 320px\" \/>\t\t\t<\/div>\n\t\t\t\t\n\t\t<span class=\"title\">\n\t\t\tABO Service\t\t<\/span>\n\t\t\n\t<\/div>\n\t<div class=\"folding_content\">\n\t\t<div class=\"inner\">\n\t\t\t<div class=\"acf-innerblocks-container\">\n\n<p>Wenn Du es w\u00fcnschst und Dein Bedarf jeden Monat gleich ist, kannst du ein \"Abo\" hinterlegen.<\/p>\n\n\n\n<p>Somit beliefern wir Dich automatisch - ohne, dass Du an die Bestellung denken musst. Deine Tiere sind immer gut versorgt und Du hast im Alltag eine Aufgabe weniger, an die Du denken musst.<\/p>\n\n<\/div>\n\t\t<\/div>\n\t<\/div>\n<\/div>\n\n\n\n<div class=\"intipa_foldingblock_handler intipa_foldingblock_icon\">\n\t<div class=\"head\">\n\t\t\n\t\t\t\t\t<div class=\"image_wrap\">\n\t\t\t\t<img loading=\"lazy\" decoding=\"async\" width=\"320\" height=\"320\" src=\"https:\/\/www.intipa.com\/wp-content\/uploads\/2024\/02\/badge_kueken.svg\" class=\"attachment-320x320 size-320x320\" alt=\"\" srcset=\"https:\/\/www.intipa.com\/wp-content\/uploads\/2024\/02\/badge_kueken.svg 150w, https:\/\/www.intipa.com\/wp-content\/uploads\/2024\/02\/badge_kueken.svg 300w, https:\/\/www.intipa.com\/wp-content\/uploads\/2024\/02\/badge_kueken.svg 1024w, https:\/\/www.intipa.com\/wp-content\/uploads\/2024\/02\/badge_kueken.svg 1536w, https:\/\/www.intipa.com\/wp-content\/uploads\/2024\/02\/badge_kueken.svg 2048w, https:\/\/www.intipa.com\/wp-content\/uploads\/2024\/02\/badge_kueken.svg 640w, https:\/\/www.intipa.com\/wp-content\/uploads\/2024\/02\/badge_kueken.svg 50w, https:\/\/www.intipa.com\/wp-content\/uploads\/2024\/02\/badge_kueken.svg 46w\" sizes=\"(max-width: 320px) 100vw, 320px\" \/>\t\t\t<\/div>\n\t\t\t\t\n\t\t<span class=\"title\">\n\t\t\tK\u00fcken Produktion f\u00fcr die Nahrungskette\t\t<\/span>\n\t\t\n\t<\/div>\n\t<div class=\"folding_content\">\n\t\t<div class=\"inner\">\n\t\t\t<div class=\"acf-innerblocks-container\">\n\n<p>Da m\u00e4nnliche K\u00fcken f\u00fcr die Mast wirtschaftlich wenig interessant sind, k\u00f6nnen sie als sogenanntes \u201eRestprodukt\u201c der Legehennenindustrie bezeichnet werden.<\/p>\n\n\n\n<p>F\u00fcr uns sind die K\u00fcken allerdings ein wertvolles Produkt der nat\u00fcrlichen Nahrungskette. Wir sorgen somit daf\u00fcr, dass auch die m\u00e4nnlichen K\u00fcken eine wichtige Aufgabe erf\u00fcllen: sie sind - wie im Kreislauf des Lebens - Futter f\u00fcr kleine Wildtiere, Raubv\u00f6gel und Reptilien. Sie werden nach dem Schl\u00fcpfen v\u00f6llig schmerzfrei mit Kohlenmonoxid eingeschl\u00e4fert und sofort tiefgefroren.<\/p>\n\n\n\n<p>Wir helfen mit einen illegalen Missbrauch dieses Futtertieres zu verringern. Um K\u00fcken an unsere Kunden ausliefern zu k\u00f6nnen, muss von jedem unserer Kunden die Verf\u00fctterungsgenehmigung eines Amtstierarztes vorliegen.<\/p>\n\n<\/div>\n\t\t<\/div>\n\t<\/div>\n<\/div>\n\n\n\n<p><\/p>\n","protected":false},"excerpt":{"rendered":"<p>Wir bieten viele Vorteile Wir legen Wert darauf, dass unsere Kunden zufrieden sind und uns vertrauen, dass die Tiere bestens versorgt sind. Deine Tiere sind uns wichtig. Das verbinden wir mit wichtigen Vorteilen f\u00fcr Dich bei der Futterbeschaffung.<\/p>\n","protected":false},"author":1,"featured_media":0,"parent":275,"menu_order":0,"comment_status":"closed","ping_status":"closed","template":"","meta":{"_acf_changed":false,"footnotes":""},"class_list":["post-1274","page","type-page","status-publish","hentry"],"acf":[],"_links":{"self":[{"href":"https:\/\/www.intipa.com\/en\/wp-json\/wp\/v2\/pages\/1274","targetHints":{"allow":["GET"]}}],"collection":[{"href":"https:\/\/www.intipa.com\/en\/wp-json\/wp\/v2\/pages"}],"about":[{"href":"https:\/\/www.intipa.com\/en\/wp-json\/wp\/v2\/types\/page"}],"author":[{"embeddable":true,"href":"https:\/\/www.intipa.com\/en\/wp-json\/wp\/v2\/users\/1"}],"replies":[{"embeddable":true,"href":"https:\/\/www.intipa.com\/en\/wp-json\/wp\/v2\/comments?post=1274"}],"version-history":[{"count":3,"href":"https:\/\/www.intipa.com\/en\/wp-json\/wp\/v2\/pages\/1274\/revisions"}],"predecessor-version":[{"id":8618,"href":"https:\/\/www.intipa.com\/en\/wp-json\/wp\/v2\/pages\/1274\/revisions\/8618"}],"up":[{"embeddable":true,"href":"https:\/\/www.intipa.com\/en\/wp-json\/wp\/v2\/pages\/275"}],"wp:attachment":[{"href":"https:\/\/www.intipa.com\/en\/wp-json\/wp\/v2\/media?parent=1274"}],"curies":[{"name":"wp","href":"https:\/\/api.w.org\/{rel}","templated":true}]}}