{"id":1174,"date":"2023-12-11T15:32:56","date_gmt":"2023-12-11T14:32:56","guid":{"rendered":"https:\/\/www.intipa.com\/?page_id=1174"},"modified":"2026-03-09T08:12:51","modified_gmt":"2026-03-09T07:12:51","slug":"lieferung","status":"publish","type":"page","link":"https:\/\/www.intipa.com\/en\/lieferung\/","title":{"rendered":"Lieferung"},"content":{"rendered":"\n<div class=\"wp-block-group\"><div class=\"wp-block-group__inner-container is-layout-constrained wp-block-group-is-layout-constrained\">\n<h2 class=\"wp-block-heading\" id=\"lieferung\">Lieferung<\/h2>\n\n\n\n<p>Unser riesiges Sortiment umfasst Futtermittel von A wie Artemis bis Z wie Zebrapellets.<br>Nach umfangreich konzipierten Tourenpl\u00e4nen liefern wir die Ware mit 4 eigenen LKWs zu unseren Kunden:<\/p>\n\n\n\n<p class=\"has-color-intipa-red-color has-text-color has-link-color has-medium-font-size wp-elements-af58f94ab04a90dede5f3503f38bd3a5\"><strong>DURCHGEHEND VON MONTAG BIS FREITAG,<br>IM 4-W\u00d6CHENTLICHEN RHYTHMUS<br>UND IN GANZ EUROPA.<\/strong><\/p>\n\n\n\n<p><strong>Die entsprechenden Tourenpl\u00e4ne stehen Dir hier zur Verf\u00fcgung.<\/strong><br>Wir informieren Dich, welcher unserer Touren Du zugewiesen sind und liefern planm\u00e4\u00dfig zum vereinbarten Zeitpunkt.<\/p>\n\n\n\n<p><strong>Bitte beachte die jeweiligen Termine der Bestellannahme!<\/strong><\/p>\n\n\n\n<div class=\"wp-block-pdfjsblock-pdfjs-embed pdfjs-wrapper\"><\/div>\n\n\n\n<p class=\"ghostkit-custom-Z1K5MAg\"><strong>Tourenpl\u00e4ne zum Download<\/strong><\/p>\n\n\n\n<div class=\"wp-block-columns is-layout-flex wp-container-core-columns-is-layout-9d6595d7 wp-block-columns-is-layout-flex\">\n<div class=\"wp-block-column is-layout-flow wp-block-column-is-layout-flow\">\n<div class=\"wp-block-file\"><a id=\"wp-block-file--media-36880b01-3b11-41c5-a8b2-d6d5a718ece7\" href=\"https:\/\/www.intipa.com\/wp-content\/uploads\/2026\/01\/intipa_1-7-9-20_Schwarzwald_Oesterreich_BayrWald_Ungarn-2026.pdf\" target=\"_blank\" rel=\"noreferrer noopener\">1-7-9-20_Schwarzwald_Oesterreich_BayrWald_Ungarn<\/a><\/div>\n\n\n\n<div class=\"wp-block-file\"><a id=\"wp-block-file--media-d3415adf-8e24-4c26-919a-b0f86d0ca1cc\" href=\"https:\/\/www.intipa.com\/wp-content\/uploads\/2026\/01\/intipa_4-5_Koeln_Tschechien-2026.pdf\" target=\"_blank\" rel=\"noreferrer noopener\">4-5_Koeln_Tschechien<\/a><\/div>\n\n\n\n<div class=\"wp-block-file\"><a id=\"wp-block-file--media-7d50ca95-1072-41c3-bb11-473210abb29a\" href=\"https:\/\/www.intipa.com\/wp-content\/uploads\/2026\/01\/intipa_6-8_Berlin-2026.pdf\" target=\"_blank\" rel=\"noreferrer noopener\">6-8_Berlin<\/a><\/div>\n<\/div>\n\n\n\n<div class=\"wp-block-column is-layout-flow wp-block-column-is-layout-flow\">\n<div class=\"wp-block-file\"><a id=\"wp-block-file--media-6fb745d7-c5e2-4f7b-9910-1d21daf2f518\" href=\"https:\/\/www.intipa.com\/wp-content\/uploads\/2026\/01\/intipa_2-3-11-12_England_Berlin_MainEifel_Italien-2026.pdf\" target=\"_blank\" rel=\"noreferrer noopener\">2-3-11-12_England_Berlin_MainEifel_Italien<\/a><\/div>\n\n\n\n<div class=\"wp-block-file\"><a id=\"wp-block-file--media-a56ee71d-bd0b-495b-9e30-5986157a726c\" href=\"https:\/\/www.intipa.com\/wp-content\/uploads\/2026\/01\/intipa_Tagestouren-2026.pdf\" target=\"_blank\" rel=\"noreferrer noopener\">Tagestouren<\/a><\/div>\n\n\n\n<div class=\"wp-block-file\"><a id=\"wp-block-file--media-4a5eae3e-7504-4d33-a0f7-da311c142395\" href=\"https:\/\/www.intipa.com\/wp-content\/uploads\/2026\/01\/intipa_AlleTouren-2026-1.pdf\" target=\"_blank\" rel=\"noreferrer noopener\">Alle Touren (\u00dcbersicht)<\/a><\/div>\n<\/div>\n<\/div>\n\n\n\n<div style=\"height:50px\" aria-hidden=\"true\" class=\"wp-block-spacer\"><\/div>\n\n\n\n<div class=\"wp-block-columns is-layout-flex wp-container-core-columns-is-layout-9d6595d7 wp-block-columns-is-layout-flex\">\n<div class=\"wp-block-column is-layout-flow wp-block-column-is-layout-flow\">\n<p><strong>Dieselzuschlag: 0,06 \u20ac\/kg<\/strong><\/p>\n\n\n\n<p><strong>Mautzuschlag: 0,03 \u20ac\/kg<\/strong><\/p>\n<\/div>\n\n\n\n<div class=\"wp-block-column is-layout-flow wp-block-column-is-layout-flow\">\n<div class=\"wp-block-file\"><a id=\"wp-block-file--media-ae7be38b-6f9a-4700-b492-9dd4f78a78f2\" href=\"https:\/\/www.intipa.com\/wp-content\/uploads\/2026\/03\/Info_Dieselzuschlag_2026.pdf\" target=\"_blank\" rel=\"noreferrer noopener\">Info_Dieselzuschlag_2026<\/a><\/div>\n<\/div>\n<\/div>\n\n\n\n<p class=\"ghostkit-custom-ZjVxOn\"><strong>Noch Fragen? Wir stehen Dir mit unserem B\u00fcro-Team zur Seite.<br>Nimm gerne Kontakt mit uns auf.<\/strong><\/p>\n\n\n\n<div class=\"wp-block-columns is-layout-flex wp-container-core-columns-is-layout-9d6595d7 wp-block-columns-is-layout-flex\">\n<div class=\"wp-block-column is-layout-flow wp-block-column-is-layout-flow\"><a href=\"https:\/\/www.intipa.com\/en\/unternehmen\/kontakt\/\" class=\"intipa_link mode_1\">\n\t\t<div>Zum Kontaktformular<\/div>\n\t<\/a>\n<\/div>\n\n\n\n<div class=\"wp-block-column is-layout-flow wp-block-column-is-layout-flow\"><a href=\"tel:073072492920\" class=\"intipa_link mode_2\">\n\t\t<div>Hotline<\/div>\n\t<div>+49 (0) 7307 24 92 92 0<\/div>\n\t<\/a>\n<\/div>\n<\/div>\n<\/div><\/div>\n","protected":false},"excerpt":{"rendered":"<p>Lieferung Unser riesiges Sortiment umfasst Futtermittel von A wie Artemis bis Z wie Zebrapellets.Nach umfangreich konzipierten Tourenpl\u00e4nen liefern wir die Ware mit 4 eigenen LKWs zu unseren Kunden: DURCHGEHEND VON MONTAG BIS FREITAG,IM 4-W\u00d6CHENTLICHEN RHYTHMUSUND IN GANZ EUROPA. Die entsprechenden Tourenpl\u00e4ne stehen Dir hier zur Verf\u00fcgung.Wir informieren Dich, welcher unserer Touren Du zugewiesen sind und [&hellip;]<\/p>\n","protected":false},"author":1,"featured_media":0,"parent":0,"menu_order":0,"comment_status":"closed","ping_status":"closed","template":"","meta":{"_acf_changed":false,"footnotes":""},"class_list":["post-1174","page","type-page","status-publish","hentry"],"acf":[],"_links":{"self":[{"href":"https:\/\/www.intipa.com\/en\/wp-json\/wp\/v2\/pages\/1174","targetHints":{"allow":["GET"]}}],"collection":[{"href":"https:\/\/www.intipa.com\/en\/wp-json\/wp\/v2\/pages"}],"about":[{"href":"https:\/\/www.intipa.com\/en\/wp-json\/wp\/v2\/types\/page"}],"author":[{"embeddable":true,"href":"https:\/\/www.intipa.com\/en\/wp-json\/wp\/v2\/users\/1"}],"replies":[{"embeddable":true,"href":"https:\/\/www.intipa.com\/en\/wp-json\/wp\/v2\/comments?post=1174"}],"version-history":[{"count":5,"href":"https:\/\/www.intipa.com\/en\/wp-json\/wp\/v2\/pages\/1174\/revisions"}],"predecessor-version":[{"id":8555,"href":"https:\/\/www.intipa.com\/en\/wp-json\/wp\/v2\/pages\/1174\/revisions\/8555"}],"wp:attachment":[{"href":"https:\/\/www.intipa.com\/en\/wp-json\/wp\/v2\/media?parent=1174"}],"curies":[{"name":"wp","href":"https:\/\/api.w.org\/{rel}","templated":true}]}}